{"id":31053,"date":"2020-12-14T18:20:40","date_gmt":"2020-12-14T17:20:40","guid":{"rendered":"https:\/\/www.ticihandmade.it\/right-of-withdrawal\/"},"modified":"2024-10-14T08:44:11","modified_gmt":"2024-10-14T07:44:11","slug":"right-of-withdrawal","status":"publish","type":"page","link":"https:\/\/www.ticihandmade.it\/en\/right-of-withdrawal\/","title":{"rendered":"Right of withdrawal"},"content":{"rendered":"&#13;\n<h2 class=\"wp-block-heading\"><span style=\"font-weight: 400;\">NOTICE RIGHT OF WITHDRAWAL AND RETURN FOR NON-CONFORMITY DEFECT<\/span><\/h2>&#13;\n<p><strong>SOSTITUZIONE E RESO<\/strong><br\/>\u00a0<br\/>L\u2019utente ha la facolt\u00e0 di richiedere la SOSTITUZIONE dei prodotti ricevuti se questi non sono conformi a quanto ordinato, ovvero se presentano difetti oggettivi riconducibili ad aspetti tecnici conclamati o se sono stati ricevuti danneggiati.<\/p>&#13;\n<p><br\/>Se non sei soddisfatto del prodotto che hai ordinato o se hai cambiato idea in merito al tuo acquisto hai il termine di quattordici (14) giorni lavorativi previsto dalla legge italiana per avere la possibilita\u2019 di ottenere il RESO del prodotto, ma restano ESCLUSI da questo diritto tutti i prodotti PERSONALIZZATI, data la natura personalizzata e artigianale del prodotto. (ovvero: rientrano in questo diritto solo i prodotti che non presentano una personalizzazione specifica richiesta dal cliente)<br\/><br\/><\/p>&#13;\n<p><br\/><strong>RESTITUZIONI PER ESERCIZIO DEL DIRITTO DI RECESSO<\/strong><\/p>&#13;\n<p><span style=\"font-weight: 400;\">Per esercitare il diritto di recesso si dovr\u00e0 inviare entro 14 giorni dalla data di ricezione della merce una comunicazione tramite mail all\u2019indirizzo\u00a0<\/span><a href=\"mailto:info@ticihandmade.it&#xA0;\"><span style=\"font-weight: 400;\">info@ticihandmade.it\u00a0<\/span><\/a><span style=\"font-weight: 400;\">in cui si dichiara espressamente di voler procedere alla restituzione di quanto \u00e8 stato ordinato.<\/span><\/p>&#13;\n<p>\u00a0<\/p>&#13;\n<p><span style=\"font-weight: 400;\">Il recesso potr\u00e0 essere esercitato in caso di acquisto di una pluralit\u00e0 di prodotti solo per alcuni di essi.<\/span><\/p>&#13;\n<p>\u00a0<\/p>&#13;\n<p><span style=\"font-weight: 400;\">Nel caso di esercizio del diritto di recesso, l\u2019utente dovr\u00e0 provvedere a proprie spese alla restituzione a Cartotecnica Ti Ci Srl della merce compravenduta, inviandola alla venditrice entro 14 giorni dal ricevimento inserendo il codice ordine. L\u2019invio dovr\u00e0 essere effettuato all\u2019indirizzo di Cartotecnica Ti Ci Srl per tutte le merci.<\/span><\/p>&#13;\n<p>\u00a0<\/p>&#13;\n<p><span style=\"font-weight: 400;\">Per poter effettuare la restituzione dei beni, i prodotti acquistati devono giungere agli indirizzi sopra indicati in normale stato di conservazione. Il prodotto deve essere rispedito con la confezione prodotto originale e con i vari cartellini prodotto.\u00a0<\/span><\/p>&#13;\n<p><span style=\"font-weight: 400;\">L\u2019imballo della merce (che \u00e8 a carico dell\u2019acquirente) dev\u2019essere effettuato con la scatola originale al fine di evitare che la merce giunga deteriorata a destinazione. Solo nel caso che l\u2019imballo originale sia inutilizzabile si potr\u00e0 usare una scatola equivalente per dimensioni e robustezza.<\/span><\/p>&#13;\n<p>\u00a0<\/p>&#13;\n<p><span style=\"font-weight: 400;\">Non saranno accettate spedizioni di resi effettuate con modalit\u00e0 diverse rispetto a quelle sopra indicate, che sono le uniche autorizzate. Non \u00e8 possibile effettuare restituzioni di merce a seguito di recesso con spese a carico del destinatario.<\/span><\/p>&#13;\n<p><span style=\"font-weight: 400;\">Una volta che il reso sia giunto a destinazione Cartotecnica Ti Ci Srl provveder\u00e0 a controllare la legittimit\u00e0 della restituzione e, verificata la correttezza delle operazioni, invier\u00e0 all\u2019utente una email di conferma. Le somme versate verranno riaccreditate tramite il sistema con cui \u00e8 stato effettuato il pagamento.<\/span><\/p>&#13;\n","protected":false},"excerpt":{"rendered":"<p>&#13; NOTICE RIGHT OF WITHDRAWAL AND RETURN FOR NON-CONFORMITY DEFECT &#13; SOSTITUZIONE E RESO\u00a0L\u2019utente ha la facolt\u00e0 di richiedere la SOSTITUZIONE dei prodotti ricevuti se questi non sono conformi a quanto ordinato, ovvero se presentano difetti oggettivi riconducibili ad aspetti tecnici conclamati o se sono stati ricevuti danneggiati. &#13; Se non sei soddisfatto del prodotto che hai ordinato o se hai cambiato idea in merito al tuo acquisto hai il termine di quattordici (14) giorni lavorativi previsto dalla legge italiana per avere la possibilita\u2019 di ottenere il RESO del prodotto, ma restano ESCLUSI da questo diritto tutti i prodotti PERSONALIZZATI, data la natura personalizzata e artigianale del prodotto. (ovvero: rientrano in questo diritto solo i prodotti che non presentano una personalizzazione specifica richiesta dal cliente) &#13; RESTITUZIONI PER ESERCIZIO DEL DIRITTO DI RECESSO &#13; Per esercitare il diritto di recesso si dovr\u00e0 inviare entro 14 giorni dalla data di ricezione della merce una comunicazione tramite mail all\u2019indirizzo\u00a0info@ticihandmade.it\u00a0in cui si dichiara espressamente di voler procedere alla restituzione di quanto \u00e8 stato ordinato. &#13; \u00a0 &#13; Il recesso potr\u00e0 essere esercitato in caso di acquisto di una pluralit\u00e0 di prodotti solo per alcuni di essi. &#13; \u00a0 &#13; Nel caso di esercizio del diritto di recesso, l\u2019utente dovr\u00e0 provvedere a proprie spese alla restituzione a Cartotecnica Ti Ci Srl della merce compravenduta, inviandola alla venditrice entro 14 giorni dal ricevimento inserendo il codice ordine. L\u2019invio dovr\u00e0 essere effettuato all\u2019indirizzo di Cartotecnica Ti Ci Srl per tutte le merci. &#13; \u00a0 &#13; Per poter effettuare la restituzione dei beni, i prodotti acquistati devono giungere agli indirizzi sopra indicati in normale stato di conservazione. Il prodotto deve essere rispedito con la confezione prodotto originale e con i vari cartellini prodotto.\u00a0 &#13; L\u2019imballo della merce (che \u00e8 a carico dell\u2019acquirente) dev\u2019essere effettuato con la scatola originale al fine di evitare che la merce giunga deteriorata a destinazione. Solo nel caso che l\u2019imballo originale sia inutilizzabile si potr\u00e0 usare una scatola equivalente per dimensioni e robustezza. &#13; \u00a0 &#13; Non saranno accettate spedizioni di resi effettuate con modalit\u00e0 diverse rispetto a quelle sopra indicate, che sono le uniche autorizzate. Non \u00e8 possibile effettuare restituzioni di merce a seguito di recesso con spese a carico del destinatario. &#13; Una volta che il reso sia giunto a destinazione Cartotecnica Ti Ci Srl provveder\u00e0 a controllare la legittimit\u00e0 della restituzione e, verificata la correttezza delle operazioni, invier\u00e0 all\u2019utente una email di conferma. Le somme versate verranno riaccreditate tramite il sistema con cui \u00e8 stato effettuato il pagamento. &#13;<\/p>\n","protected":false},"author":1,"featured_media":0,"parent":0,"menu_order":0,"comment_status":"closed","ping_status":"open","template":"","meta":{"footnotes":""},"class_list":["post-31053","page","type-page","status-publish","hentry"],"_links":{"self":[{"href":"https:\/\/www.ticihandmade.it\/en\/wp-json\/wp\/v2\/pages\/31053","targetHints":{"allow":["GET"]}}],"collection":[{"href":"https:\/\/www.ticihandmade.it\/en\/wp-json\/wp\/v2\/pages"}],"about":[{"href":"https:\/\/www.ticihandmade.it\/en\/wp-json\/wp\/v2\/types\/page"}],"author":[{"embeddable":true,"href":"https:\/\/www.ticihandmade.it\/en\/wp-json\/wp\/v2\/users\/1"}],"replies":[{"embeddable":true,"href":"https:\/\/www.ticihandmade.it\/en\/wp-json\/wp\/v2\/comments?post=31053"}],"version-history":[{"count":1,"href":"https:\/\/www.ticihandmade.it\/en\/wp-json\/wp\/v2\/pages\/31053\/revisions"}],"predecessor-version":[{"id":31054,"href":"https:\/\/www.ticihandmade.it\/en\/wp-json\/wp\/v2\/pages\/31053\/revisions\/31054"}],"wp:attachment":[{"href":"https:\/\/www.ticihandmade.it\/en\/wp-json\/wp\/v2\/media?parent=31053"}],"curies":[{"name":"wp","href":"https:\/\/api.w.org\/{rel}","templated":true}]}}