{"id":15115,"date":"2018-11-24T11:04:58","date_gmt":"2018-11-24T10:04:58","guid":{"rendered":"http:\/\/www.ticihandmade.it\/?post_type=product&#038;p=15115"},"modified":"2025-11-19T13:33:18","modified_gmt":"2025-11-19T12:33:18","slug":"stroller-case-marrone-avana","status":"publish","type":"product","link":"https:\/\/www.ticihandmade.it\/en\/stroller-case-marrone-avana\/","title":{"rendered":"Borsa Mamma &#8211; Stroller Case Marrone e Avana testo: Diego"},"content":{"rendered":"","protected":false},"excerpt":{"rendered":"<p><span data-sheets-value=\"{&quot;1&quot;:2,&quot;2&quot;:&quot;Il\u00a0cesto passeggino\u00a0di TICI Handmade \u00e8 l\u2019accessorio perfetto per tutte le mamme: non \u00e8 solo pratico, ma anche alla moda! Borsa passeggino\u00a0completamente fatta a mano.\u00a0Stroller case\u00a0in nabuck panna e marrone\u00a0con ganci passeggino e tasche interne. Accessori in abbinato oro.\\nAcquista ORA il tuo organizer!\u00a0\\n\\nDispone di:\\n\\n- 2 comodi ganci per appendere la borsa al passeggino\\n- 2 tasconi interni\\n- Tracolla\\n\\nQuesto articolo prevede una personalizzazione. Subito dopo aver effettuato l\u2019ordine, scrivi a\u00a0personalizzazioni.tici@postalmarket.it\u00a0indicando il testo che vuoi inserire o chiama al +39 3933057542 o +39 3280249547\\nLa dimensione della stampa o delle cucitura varia in base al numero dei caratteri inseriti tenendo conto delle dimensioni presenti nell'immagine. Se non indichi un testo entro le 24h dall'ordine, riceverai il prodotto senza alcuna stampa o cucitura.\\n\\nN.B Font e colori saranno gli stessi presenti nell' immagine\\nRicordati che articoli personalizzati non sono soggetti a resi.&quot;}\" data-sheets-userformat=\"{&quot;2&quot;:829,&quot;3&quot;:{&quot;1&quot;:0},&quot;5&quot;:{&quot;1&quot;:[{&quot;1&quot;:2,&quot;2&quot;:0,&quot;5&quot;:{&quot;1&quot;:2,&quot;2&quot;:0}},{&quot;1&quot;:0,&quot;2&quot;:0,&quot;3&quot;:3},{&quot;1&quot;:1,&quot;2&quot;:0,&quot;4&quot;:1}]},&quot;6&quot;:{&quot;1&quot;:[{&quot;1&quot;:2,&quot;2&quot;:0,&quot;5&quot;:{&quot;1&quot;:2,&quot;2&quot;:0}},{&quot;1&quot;:0,&quot;2&quot;:0,&quot;3&quot;:3},{&quot;1&quot;:1,&quot;2&quot;:0,&quot;4&quot;:1}]},&quot;7&quot;:{&quot;1&quot;:[{&quot;1&quot;:2,&quot;2&quot;:0,&quot;5&quot;:{&quot;1&quot;:2,&quot;2&quot;:0}},{&quot;1&quot;:0,&quot;2&quot;:0,&quot;3&quot;:3},{&quot;1&quot;:1,&quot;2&quot;:0,&quot;4&quot;:1}]},&quot;8&quot;:{&quot;1&quot;:[{&quot;1&quot;:2,&quot;2&quot;:0,&quot;5&quot;:{&quot;1&quot;:2,&quot;2&quot;:0}},{&quot;1&quot;:0,&quot;2&quot;:0,&quot;3&quot;:3},{&quot;1&quot;:1,&quot;2&quot;:0,&quot;4&quot;:1}]},&quot;11&quot;:4,&quot;12&quot;:0}\" data-sheets-textstyleruns=\"{&quot;1&quot;:0}\uee10{&quot;1&quot;:3,&quot;2&quot;:{&quot;5&quot;:1}}\uee10{&quot;1&quot;:19}\uee10{&quot;1&quot;:404,&quot;2&quot;:{&quot;2&quot;:{&quot;1&quot;:2,&quot;2&quot;:16711680}}}\">Il\u00a0<strong>cesto passeggino\u00a0<\/strong>di TICI Handmade \u00e8 l\u2019accessorio perfetto per tutte le mamme: non \u00e8 solo pratico, ma anche alla moda! Borsa passeggino\u00a0completamente fatta a mano.\u00a0Stroller case\u00a0in nabuck panna e marrone\u00a0con ganci passeggino e tasche interne. Accessori in abbinato oro.<br \/>\nAcquista ORA il tuo organizer! <em>Dispone di:<\/em><\/span><\/p>\n<ul>\n<li>2 comodi ganci per appendere la borsa al passeggino<\/li>\n<li>2 tasconi interni<\/li>\n<li>Tracolla<\/li>\n<li>Dimensioni: 32 x 23 x 12 cm<\/li>\n<\/ul>\n<p>&#8212;&#8212;&#8212;&#8212;&#8212;&#8212;&#8212;&#8212;<\/p>\n<p>Questa stroller case \u00e8 in pronta consegna, pertanto non \u00e8 personalizzabile ed arriver\u00e0 con il nome \u201c<b>Diego<\/b>\u201d come in foto.<\/p>\n","protected":false},"featured_media":15119,"template":"","meta":[],"product_brand":[],"product_cat":[263],"product_tag":[547,315],"class_list":{"0":"post-15115","1":"product","2":"type-product","3":"status-publish","4":"has-post-thumbnail","6":"product_cat-promozione","7":"product_tag-mommy-bag-promo","8":"product_tag-stroller-pietro-nabuck","10":"first","11":"instock","12":"sale","13":"featured","14":"shipping-taxable","15":"purchasable","16":"product-type-simple"},"_links":{"self":[{"href":"https:\/\/www.ticihandmade.it\/en\/wp-json\/wp\/v2\/product\/15115","targetHints":{"allow":["GET"]}}],"collection":[{"href":"https:\/\/www.ticihandmade.it\/en\/wp-json\/wp\/v2\/product"}],"about":[{"href":"https:\/\/www.ticihandmade.it\/en\/wp-json\/wp\/v2\/types\/product"}],"version-history":[{"count":10,"href":"https:\/\/www.ticihandmade.it\/en\/wp-json\/wp\/v2\/product\/15115\/revisions"}],"predecessor-version":[{"id":38639,"href":"https:\/\/www.ticihandmade.it\/en\/wp-json\/wp\/v2\/product\/15115\/revisions\/38639"}],"wp:featuredmedia":[{"embeddable":true,"href":"https:\/\/www.ticihandmade.it\/en\/wp-json\/wp\/v2\/media\/15119"}],"wp:attachment":[{"href":"https:\/\/www.ticihandmade.it\/en\/wp-json\/wp\/v2\/media?parent=15115"}],"wp:term":[{"taxonomy":"product_brand","embeddable":true,"href":"https:\/\/www.ticihandmade.it\/en\/wp-json\/wp\/v2\/product_brand?post=15115"},{"taxonomy":"product_cat","embeddable":true,"href":"https:\/\/www.ticihandmade.it\/en\/wp-json\/wp\/v2\/product_cat?post=15115"},{"taxonomy":"product_tag","embeddable":true,"href":"https:\/\/www.ticihandmade.it\/en\/wp-json\/wp\/v2\/product_tag?post=15115"}],"curies":[{"name":"wp","href":"https:\/\/api.w.org\/{rel}","templated":true}]}}