{"id":31328,"date":"2024-06-18T09:08:00","date_gmt":"2024-06-18T08:08:00","guid":{"rendered":"https:\/\/www.ticihandmade.it\/daddy-bag-brown-backpack-with-customizable-text\/"},"modified":"2024-10-15T10:31:15","modified_gmt":"2024-10-15T09:31:15","slug":"daddy-bag-brown-backpack-with-customizable-text","status":"publish","type":"product","link":"https:\/\/www.ticihandmade.it\/en\/daddy-bag-brown-backpack-with-customizable-text\/","title":{"rendered":"Daddy Bag | Brown backpack with customizable text"},"content":{"rendered":"\t\t<div data-elementor-type=\"wp-post\" data-elementor-id=\"31328\" class=\"elementor elementor-31328 elementor-25593\" data-elementor-post-type=\"product\">\n\t\t\t\t\t\t<section class=\"elementor-section elementor-top-section elementor-element elementor-element-6661b7e elementor-section-boxed elementor-section-height-default elementor-section-height-default wpr-particle-no wpr-jarallax-no wpr-parallax-no wpr-sticky-section-no wpr-equal-height-no\" data-id=\"6661b7e\" data-element_type=\"section\" data-e-type=\"section\">\n\t\t\t\t\t\t<div class=\"elementor-container elementor-column-gap-default\">\n\t\t\t\t\t<div class=\"elementor-column elementor-col-100 elementor-top-column elementor-element elementor-element-ec3bfdf\" data-id=\"ec3bfdf\" data-element_type=\"column\" data-e-type=\"column\">\n\t\t\t<div class=\"elementor-widget-wrap elementor-element-populated\">\n\t\t\t\t\t\t<div class=\"elementor-element elementor-element-a315a05 elementor-widget elementor-widget-heading\" data-id=\"a315a05\" data-element_type=\"widget\" data-e-type=\"widget\" data-widget_type=\"heading.default\">\n\t\t\t\t<div class=\"elementor-widget-container\">\n\t\t\t\t\t<h2 class=\"elementor-heading-title elementor-size-default\">Product in stock<\/h2>\t\t\t\t<\/div>\n\t\t\t\t<\/div>\n\t\t\t\t<div class=\"elementor-element elementor-element-1e8294a elementor-widget elementor-widget-text-editor\" data-id=\"1e8294a\" data-element_type=\"widget\" data-e-type=\"widget\" data-widget_type=\"text-editor.default\">\n\t\t\t\t<div class=\"elementor-widget-container\">\n\t\t\t\t\t\t\t\t\t<p>This dad backpack is in stock, so it is not customizable and will arrive with the words<b>&#8220;Dad Matthias<\/b>&#8221; as pictured.&nbsp;<\/p>\n\t\t\t\t\t\t\t\t<\/div>\n\t\t\t\t<\/div>\n\t\t\t\t\t<\/div>\n\t\t<\/div>\n\t\t\t\t\t<\/div>\n\t\t<\/section>\n\t\t\t\t<\/div>\n\t\t","protected":false},"excerpt":{"rendered":"<p><span data-sheets-value=\"{\"1\":2,\"2\":\"Nel weekend non c\u2019\u00e8 niente di meglio di una passeggiata padre e figlio: anche per il pap\u00e0 \u00e8 importante portare con s\u00e9 tutto il necessario per il proprio bambino durante un\u2019uscita, per questo abbiamo progettato da tempo la linea Daddy Bag! I nostri zaini multifunzione offrono il massimo comfort in un design alla moda, adattabile perfettamente per l\u2019ufficio o per il tempo libero. Questo zaino uomo artigianale \u00e8 realizzato in tessuto nabuck marrone e scritta ricamata su tascone frontale in cui inserire gli oggetti da avere a portata di mano. Accessori in abbinato marrone e tracolle regolabili. Questo articolo prevede una personalizzazione. Subito dopo aver effettuato l\u2019ordine, scrivi a personalizzazioni.tici@postalmarket.it indicando il testo che vuoi inserire o chiama al +39 3933057542 o +39 3280249547nLa dimensione della stampa o delle cucitura varia in base al numero dei caratteri inseriti tenendo conto delle dimensioni presenti nell'immagine. Se non indichi un testo entro le 24h dall'ordine, riceverai il prodotto senza alcuna stampa o cucitura.nnN.B Font e colori saranno gli stessi presenti nell' immaginenRicordati che articoli personalizzati non sono soggetti a resi.\"}\" data-sheets-userformat=\"{\"2\":829,\"3\":{\"1\":0},\"5\":{\"1\":[{\"1\":2,\"2\":0,\"5\":{\"1\":2,\"2\":0}},{\"1\":0,\"2\":0,\"3\":3},{\"1\":1,\"2\":0,\"4\":1}]},\"6\":{\"1\":[{\"1\":2,\"2\":0,\"5\":{\"1\":2,\"2\":0}},{\"1\":0,\"2\":0,\"3\":3},{\"1\":1,\"2\":0,\"4\":1}]},\"7\":{\"1\":[{\"1\":2,\"2\":0,\"5\":{\"1\":2,\"2\":0}},{\"1\":0,\"2\":0,\"3\":3},{\"1\":1,\"2\":0,\"4\":1}]},\"8\":{\"1\":[{\"1\":2,\"2\":0,\"5\":{\"1\":2,\"2\":0}},{\"1\":0,\"2\":0,\"3\":3},{\"1\":1,\"2\":0,\"4\":1}]},\"11\":4,\"12\":0}\" data-sheets-textstyleruns=\"{\"1\":0}\uee10{\"1\":227,\"2\":{\"5\":1}}\uee10{\"1\":237}\uee10{\"1\":381,\"2\":{\"2\":{\"1\":2,\"2\":16711680}}}\">On the weekend there is nothing better than a father and son walk: it is also important for dad to carry everything he needs for his child on an outing, which is why we have long since designed the <strong>Daddy Bag<\/strong> line! Our multifunctional backpacks offer maximum comfort in a fashionable design, perfectly adaptable for the office or for leisure.  <\/span><\/p>\n<p><span data-sheets-value=\"{\"1\":2,\"2\":\"Nel weekend non c\u2019\u00e8 niente di meglio di una passeggiata padre e figlio: anche per il pap\u00e0 \u00e8 importante portare con s\u00e9 tutto il necessario per il proprio bambino durante un\u2019uscita, per questo abbiamo progettato da tempo la linea Daddy Bag! I nostri zaini multifunzione offrono il massimo comfort in un design alla moda, adattabile perfettamente per l\u2019ufficio o per il tempo libero. Questo zaino uomo artigianale \u00e8 realizzato in tessuto nabuck marrone e scritta ricamata su tascone frontale in cui inserire gli oggetti da avere a portata di mano. Accessori in abbinato marrone e tracolle regolabili. Questo articolo prevede una personalizzazione. Subito dopo aver effettuato l\u2019ordine, scrivi a personalizzazioni.tici@postalmarket.it indicando il testo che vuoi inserire o chiama al +39 3933057542 o +39 3280249547nLa dimensione della stampa o delle cucitura varia in base al numero dei caratteri inseriti tenendo conto delle dimensioni presenti nell'immagine. Se non indichi un testo entro le 24h dall'ordine, riceverai il prodotto senza alcuna stampa o cucitura.nnN.B Font e colori saranno gli stessi presenti nell' immaginenRicordati che articoli personalizzati non sono soggetti a resi.\"}\" data-sheets-userformat=\"{\"2\":829,\"3\":{\"1\":0},\"5\":{\"1\":[{\"1\":2,\"2\":0,\"5\":{\"1\":2,\"2\":0}},{\"1\":0,\"2\":0,\"3\":3},{\"1\":1,\"2\":0,\"4\":1}]},\"6\":{\"1\":[{\"1\":2,\"2\":0,\"5\":{\"1\":2,\"2\":0}},{\"1\":0,\"2\":0,\"3\":3},{\"1\":1,\"2\":0,\"4\":1}]},\"7\":{\"1\":[{\"1\":2,\"2\":0,\"5\":{\"1\":2,\"2\":0}},{\"1\":0,\"2\":0,\"3\":3},{\"1\":1,\"2\":0,\"4\":1}]},\"8\":{\"1\":[{\"1\":2,\"2\":0,\"5\":{\"1\":2,\"2\":0}},{\"1\":0,\"2\":0,\"3\":3},{\"1\":1,\"2\":0,\"4\":1}]},\"11\":4,\"12\":0}\" data-sheets-textstyleruns=\"{\"1\":0}\uee10{\"1\":227,\"2\":{\"5\":1}}\uee10{\"1\":237}\uee10{\"1\":381,\"2\":{\"2\":{\"1\":2,\"2\":16711680}}}\">This <strong>handcrafted men&#8217;s backpack<\/strong> is made of brown nabuck fabric and embroidered lettering on front pocket in which to place items to have on hand. Matching brown accessories and adjustable shoulder straps.   <\/span><\/p>\n<p><strong>Dimensions: <\/strong>32 x 41 x 10 cm<\/p>\n<p>&nbsp;<\/p>\n","protected":false},"featured_media":29452,"template":"","meta":[],"product_brand":[],"product_cat":[421],"product_tag":[406],"class_list":{"0":"post-31328","1":"product","2":"type-product","3":"status-publish","4":"has-post-thumbnail","6":"product_cat-daddy-bag","7":"product_tag-nabuck-en","9":"first","10":"instock","11":"featured","12":"shipping-taxable","13":"purchasable","14":"product-type-simple"},"_links":{"self":[{"href":"https:\/\/www.ticihandmade.it\/en\/wp-json\/wp\/v2\/product\/31328","targetHints":{"allow":["GET"]}}],"collection":[{"href":"https:\/\/www.ticihandmade.it\/en\/wp-json\/wp\/v2\/product"}],"about":[{"href":"https:\/\/www.ticihandmade.it\/en\/wp-json\/wp\/v2\/types\/product"}],"version-history":[{"count":1,"href":"https:\/\/www.ticihandmade.it\/en\/wp-json\/wp\/v2\/product\/31328\/revisions"}],"predecessor-version":[{"id":31329,"href":"https:\/\/www.ticihandmade.it\/en\/wp-json\/wp\/v2\/product\/31328\/revisions\/31329"}],"wp:featuredmedia":[{"embeddable":true,"href":"https:\/\/www.ticihandmade.it\/en\/wp-json\/wp\/v2\/media\/29452"}],"wp:attachment":[{"href":"https:\/\/www.ticihandmade.it\/en\/wp-json\/wp\/v2\/media?parent=31328"}],"wp:term":[{"taxonomy":"product_brand","embeddable":true,"href":"https:\/\/www.ticihandmade.it\/en\/wp-json\/wp\/v2\/product_brand?post=31328"},{"taxonomy":"product_cat","embeddable":true,"href":"https:\/\/www.ticihandmade.it\/en\/wp-json\/wp\/v2\/product_cat?post=31328"},{"taxonomy":"product_tag","embeddable":true,"href":"https:\/\/www.ticihandmade.it\/en\/wp-json\/wp\/v2\/product_tag?post=31328"}],"curies":[{"name":"wp","href":"https:\/\/api.w.org\/{rel}","templated":true}]}}