{"id":31330,"date":"2018-11-24T11:04:58","date_gmt":"2018-11-24T10:04:58","guid":{"rendered":"https:\/\/www.ticihandmade.it\/mommy-bag-brown-and-havana-stroller-case-text-diego\/"},"modified":"2025-11-19T13:35:24","modified_gmt":"2025-11-19T12:35:24","slug":"mommy-bag-brown-and-havana-stroller-case-text-diego","status":"publish","type":"product","link":"https:\/\/www.ticihandmade.it\/en\/mommy-bag-brown-and-havana-stroller-case-text-diego\/","title":{"rendered":"Mommy Bag &#8211; Brown and Havana Stroller Case Text: Diego"},"content":{"rendered":"","protected":false},"excerpt":{"rendered":"<p><span data-sheets-value=\"{\" data-sheets-userformat=\"{\" data-sheets-textstyleruns=\"{\">TICI Handmade&#8217;s <strong>stroller basket <\/strong>is the perfect accessory for all moms: it&#8217;s not only practical, but fashionable too! Completely handmade stroller bag. Stroller case in cream and brown nabuck with stroller hooks and inside pockets. Matching gold accessories.<br \/>\nBuy your organizer NOW! <em>Features:<\/em> <\/span><\/p>\n<ul>\n<li>2 convenient hooks for hanging the bag on the stroller<\/li>\n<li>2 inside pockets<\/li>\n<li>Shoulder strap<\/li>\n<li>Dimensions: 32 x 23 x 12 cm<\/li>\n<\/ul>\n<p>&#8212;&#8212;&#8212;&#8212;&#8212;&#8212;&#8212;&#8212; Questa stroller case \u00e8 in pronta consegna, pertanto non \u00e8 personalizzabile ed arriver\u00e0 con il nome \u201c<b>Diego<\/b>\u201d come in foto.<\/p>\n","protected":false},"featured_media":29522,"template":"","meta":[],"product_brand":[],"product_cat":[263,415],"product_tag":[452,315],"class_list":{"0":"post-31330","1":"product","2":"type-product","3":"status-publish","4":"has-post-thumbnail","6":"product_cat-promozione","7":"product_cat-promo","8":"product_tag-stroller-petro-nabuck","9":"product_tag-stroller-pietro-nabuck","11":"first","12":"instock","13":"sale","14":"featured","15":"shipping-taxable","16":"purchasable","17":"product-type-simple"},"_links":{"self":[{"href":"https:\/\/www.ticihandmade.it\/en\/wp-json\/wp\/v2\/product\/31330","targetHints":{"allow":["GET"]}}],"collection":[{"href":"https:\/\/www.ticihandmade.it\/en\/wp-json\/wp\/v2\/product"}],"about":[{"href":"https:\/\/www.ticihandmade.it\/en\/wp-json\/wp\/v2\/types\/product"}],"version-history":[{"count":2,"href":"https:\/\/www.ticihandmade.it\/en\/wp-json\/wp\/v2\/product\/31330\/revisions"}],"predecessor-version":[{"id":38640,"href":"https:\/\/www.ticihandmade.it\/en\/wp-json\/wp\/v2\/product\/31330\/revisions\/38640"}],"wp:featuredmedia":[{"embeddable":true,"href":"https:\/\/www.ticihandmade.it\/en\/wp-json\/wp\/v2\/media\/29522"}],"wp:attachment":[{"href":"https:\/\/www.ticihandmade.it\/en\/wp-json\/wp\/v2\/media?parent=31330"}],"wp:term":[{"taxonomy":"product_brand","embeddable":true,"href":"https:\/\/www.ticihandmade.it\/en\/wp-json\/wp\/v2\/product_brand?post=31330"},{"taxonomy":"product_cat","embeddable":true,"href":"https:\/\/www.ticihandmade.it\/en\/wp-json\/wp\/v2\/product_cat?post=31330"},{"taxonomy":"product_tag","embeddable":true,"href":"https:\/\/www.ticihandmade.it\/en\/wp-json\/wp\/v2\/product_tag?post=31330"}],"curies":[{"name":"wp","href":"https:\/\/api.w.org\/{rel}","templated":true}]}}