{"id":31331,"date":"2023-08-04T11:13:56","date_gmt":"2023-08-04T10:13:56","guid":{"rendered":"https:\/\/www.ticihandmade.it\/mommy-bag-model-rose-havana-and-blue-stroller-bag-with-name\/"},"modified":"2024-10-15T10:32:34","modified_gmt":"2024-10-15T09:32:34","slug":"mommy-bag-model-rose-havana-and-blue-stroller-bag-with-name","status":"publish","type":"product","link":"https:\/\/www.ticihandmade.it\/en\/mommy-bag-model-rose-havana-and-blue-stroller-bag-with-name\/","title":{"rendered":"Mommy Bag model Rose &#8211; Havana and Blue Stroller Bag with Name"},"content":{"rendered":"\t\t<div data-elementor-type=\"product-post\" data-elementor-id=\"31331\" class=\"elementor elementor-31331 elementor-17123\" data-elementor-post-type=\"product\">\n\t\t\t\t\t\t<section class=\"elementor-section elementor-top-section elementor-element elementor-element-29c8d30 elementor-section-boxed elementor-section-height-default elementor-section-height-default wpr-particle-no wpr-jarallax-no wpr-parallax-no wpr-sticky-section-no wpr-equal-height-no\" data-id=\"29c8d30\" data-element_type=\"section\" data-e-type=\"section\">\n\t\t\t\t\t\t<div class=\"elementor-container elementor-column-gap-default\">\n\t\t\t\t\t<div class=\"elementor-column elementor-col-50 elementor-top-column elementor-element elementor-element-4cbf99c\" data-id=\"4cbf99c\" data-element_type=\"column\" data-e-type=\"column\">\n\t\t\t<div class=\"elementor-widget-wrap elementor-element-populated\">\n\t\t\t\t\t\t<div class=\"elementor-element elementor-element-a39de06 elementor-widget elementor-widget-text-editor\" data-id=\"a39de06\" data-element_type=\"widget\" data-e-type=\"widget\" data-widget_type=\"text-editor.default\">\n\t\t\t\t<div class=\"elementor-widget-container\">\n\t\t\t\t\t\t\t\t\t<p>CREAM SAFFIANO AND ELECTRIC BLUE SUEDE LEATHER<\/p>\n\t\t\t\t\t\t\t\t<\/div>\n\t\t\t\t<\/div>\n\t\t\t\t<div class=\"elementor-element elementor-element-6b8094d elementor-widget elementor-widget-text-editor\" data-id=\"6b8094d\" data-element_type=\"widget\" data-e-type=\"widget\" data-widget_type=\"text-editor.default\">\n\t\t\t\t<div class=\"elementor-widget-container\">\n\t\t\t\t\t\t\t\t\t<p><strong>TO TRAVEL: <\/strong>length: 54 cm, height: 30 cm, depth: 27 cm<\/p>\n<p><strong>AVERAGE<\/strong>: length: 42 cm, height: 28 cm, depth: 24 cm<\/p>\n<p><strong>SMALL<\/strong>: length: 37 cm, height: 25 cm, depth: 22 cm<\/p>\n\t\t\t\t\t\t\t\t<\/div>\n\t\t\t\t<\/div>\n\t\t\t\t\t<\/div>\n\t\t<\/div>\n\t\t\t\t<div class=\"elementor-column elementor-col-50 elementor-top-column elementor-element elementor-element-fff5816\" data-id=\"fff5816\" data-element_type=\"column\" data-e-type=\"column\">\n\t\t\t<div class=\"elementor-widget-wrap elementor-element-populated\">\n\t\t\t\t\t\t<div class=\"elementor-element elementor-element-d4dd767 elementor-widget elementor-widget-text-editor\" data-id=\"d4dd767\" data-element_type=\"widget\" data-e-type=\"widget\" data-widget_type=\"text-editor.default\">\n\t\t\t\t<div class=\"elementor-widget-container\">\n\t\t\t\t\t\t\t\t\t<ul>\n<li>Any stains or residues should be cleaned immediately with a neutral solution using a cloth in regular circular motions.<\/li>\n<li>  For longer product life, we recommend storing the product in its case.  <\/li>\n<li><a href=\"https:\/\/www.ticihandmade.it\/wp-content\/uploads\/2019\/12\/NON-LAVARE-CON-ACQUA.jpg\"><img decoding=\"async\" class=\"alignnone wp-image-3383\" src=\"https:\/\/www.ticihandmade.it\/wp-content\/uploads\/2019\/12\/NON-LAVARE-CON-ACQUA-300x300.jpg\" alt=\"\" width=\"60\" height=\"60\" srcset=\"https:\/\/www.ticihandmade.it\/wp-content\/uploads\/2019\/12\/NON-LAVARE-CON-ACQUA-300x300.jpg 300w, https:\/\/www.ticihandmade.it\/wp-content\/uploads\/2019\/12\/NON-LAVARE-CON-ACQUA-100x100.jpg 100w, https:\/\/www.ticihandmade.it\/wp-content\/uploads\/2019\/12\/NON-LAVARE-CON-ACQUA-50x50.jpg 50w, https:\/\/www.ticihandmade.it\/wp-content\/uploads\/2019\/12\/NON-LAVARE-CON-ACQUA-150x150.jpg 150w, https:\/\/www.ticihandmade.it\/wp-content\/uploads\/2019\/12\/NON-LAVARE-CON-ACQUA.jpg 394w\" sizes=\"(max-width: 60px) 100vw, 60px\" \/><\/a><a href=\"https:\/\/www.ticihandmade.it\/wp-content\/uploads\/2019\/12\/NO-STIRARE.jpg\"><img decoding=\"async\" class=\"alignnone wp-image-3382\" src=\"https:\/\/www.ticihandmade.it\/wp-content\/uploads\/2019\/12\/NO-STIRARE-300x300.jpg\" alt=\"\" width=\"60\" height=\"60\" srcset=\"https:\/\/www.ticihandmade.it\/wp-content\/uploads\/2019\/12\/NO-STIRARE-300x300.jpg 300w, https:\/\/www.ticihandmade.it\/wp-content\/uploads\/2019\/12\/NO-STIRARE-100x100.jpg 100w, https:\/\/www.ticihandmade.it\/wp-content\/uploads\/2019\/12\/NO-STIRARE-50x50.jpg 50w, https:\/\/www.ticihandmade.it\/wp-content\/uploads\/2019\/12\/NO-STIRARE-150x150.jpg 150w, https:\/\/www.ticihandmade.it\/wp-content\/uploads\/2019\/12\/NO-STIRARE.jpg 480w\" sizes=\"(max-width: 60px) 100vw, 60px\" \/><\/a><a href=\"https:\/\/www.ticihandmade.it\/wp-content\/uploads\/2019\/12\/NO-STRIZZARE.jpg\"><img decoding=\"async\" class=\"alignnone wp-image-3379\" src=\"https:\/\/www.ticihandmade.it\/wp-content\/uploads\/2019\/12\/NO-STRIZZARE-300x300.jpg\" alt=\"\" width=\"60\" height=\"60\" srcset=\"https:\/\/www.ticihandmade.it\/wp-content\/uploads\/2019\/12\/NO-STRIZZARE-300x300.jpg 300w, https:\/\/www.ticihandmade.it\/wp-content\/uploads\/2019\/12\/NO-STRIZZARE-100x100.jpg 100w, https:\/\/www.ticihandmade.it\/wp-content\/uploads\/2019\/12\/NO-STRIZZARE-50x50.jpg 50w, https:\/\/www.ticihandmade.it\/wp-content\/uploads\/2019\/12\/NO-STRIZZARE-150x150.jpg 150w, https:\/\/www.ticihandmade.it\/wp-content\/uploads\/2019\/12\/NO-STRIZZARE.jpg 394w\" sizes=\"(max-width: 60px) 100vw, 60px\" \/> <\/a><a href=\"https:\/\/www.ticihandmade.it\/wp-content\/uploads\/2019\/12\/NO-LAVARE-A-SECCO.jpg\"><img loading=\"lazy\" decoding=\"async\" class=\"alignnone wp-image-3381\" src=\"https:\/\/www.ticihandmade.it\/wp-content\/uploads\/2019\/12\/NO-LAVARE-A-SECCO-300x300.jpg\" alt=\"\" width=\"60\" height=\"60\" srcset=\"https:\/\/www.ticihandmade.it\/wp-content\/uploads\/2019\/12\/NO-LAVARE-A-SECCO-300x300.jpg 300w, https:\/\/www.ticihandmade.it\/wp-content\/uploads\/2019\/12\/NO-LAVARE-A-SECCO-100x100.jpg 100w, https:\/\/www.ticihandmade.it\/wp-content\/uploads\/2019\/12\/NO-LAVARE-A-SECCO-50x50.jpg 50w, https:\/\/www.ticihandmade.it\/wp-content\/uploads\/2019\/12\/NO-LAVARE-A-SECCO-150x150.jpg 150w, https:\/\/www.ticihandmade.it\/wp-content\/uploads\/2019\/12\/NO-LAVARE-A-SECCO.jpg 394w\" sizes=\"(max-width: 60px) 100vw, 60px\" \/><\/a><a href=\"https:\/\/www.ticihandmade.it\/wp-content\/uploads\/2019\/12\/NO-CANDEGGIARE.jpg\"><img loading=\"lazy\" decoding=\"async\" class=\"alignnone wp-image-3380\" src=\"https:\/\/www.ticihandmade.it\/wp-content\/uploads\/2019\/12\/NO-CANDEGGIARE-300x300.jpg\" alt=\"\" width=\"59\" height=\"59\" srcset=\"https:\/\/www.ticihandmade.it\/wp-content\/uploads\/2019\/12\/NO-CANDEGGIARE-300x300.jpg 300w, https:\/\/www.ticihandmade.it\/wp-content\/uploads\/2019\/12\/NO-CANDEGGIARE-100x100.jpg 100w, https:\/\/www.ticihandmade.it\/wp-content\/uploads\/2019\/12\/NO-CANDEGGIARE-50x50.jpg 50w, https:\/\/www.ticihandmade.it\/wp-content\/uploads\/2019\/12\/NO-CANDEGGIARE-150x150.jpg 150w, https:\/\/www.ticihandmade.it\/wp-content\/uploads\/2019\/12\/NO-CANDEGGIARE.jpg 394w\" sizes=\"(max-width: 59px) 100vw, 59px\" \/><\/a><\/li>\n<\/ul>\n\t\t\t\t\t\t\t\t<\/div>\n\t\t\t\t<\/div>\n\t\t\t\t\t<\/div>\n\t\t<\/div>\n\t\t\t\t\t<\/div>\n\t\t<\/section>\n\t\t\t\t<\/div>\n\t\t","protected":false},"excerpt":{"rendered":"<p><span data-sheets-value=\"{\"1\":2,\"2\":\"Borsa passeggino ampia e spaziosa, ideale per riporre tutti gli oggetti utili al cambio e alle varie necessit\u00e0 del tuo beb\u00e8. Questa borsa mamma \u00e8 l'ideale per le tue passeggiate in citt\u00e0 o fuori porta. Realizzata in tessuto tramato \"Saffiano\" panna,  impermeabile e facile da pulire, manici, ganci passeggino e tasche laterali in cuoio scamosciato blu elettrico. Zip frontale con stampa \"Mom in love\" colore blu. nnIl design ricercato non solo dona un aspetto giovanile ed originale a chi la indossa, ma la rende un accessorio versatile, perfetto per ogni occasione: una volta terminata la sua funzione di borsa mamma, potrai abbinarla anche successivamente a tutti i tuoi outfit, continuando a distinguerti con una borsa artigianale TICI Handmade! nnDispone di:nn- 2 comodi ganci per appendere la borsa al passegginon- 2 tasche con elastici porta biberonn- 2 tasconi internin- Manicin- Tracolla\"}\" data-sheets-userformat=\"{\"2\":829,\"3\":{\"1\":0},\"5\":{\"1\":[{\"1\":2,\"2\":0,\"5\":{\"1\":2,\"2\":0}},{\"1\":0,\"2\":0,\"3\":3},{\"1\":1,\"2\":0,\"4\":1}]},\"6\":{\"1\":[{\"1\":2,\"2\":0,\"5\":{\"1\":2,\"2\":0}},{\"1\":0,\"2\":0,\"3\":3},{\"1\":1,\"2\":0,\"4\":1}]},\"7\":{\"1\":[{\"1\":2,\"2\":0,\"5\":{\"1\":2,\"2\":0}},{\"1\":0,\"2\":0,\"3\":3},{\"1\":1,\"2\":0,\"4\":1}]},\"8\":{\"1\":[{\"1\":2,\"2\":0,\"5\":{\"1\":2,\"2\":0}},{\"1\":0,\"2\":0,\"3\":3},{\"1\":1,\"2\":0,\"4\":1}]},\"11\":4,\"12\":0}\" data-sheets-textstyleruns=\"{\"1\":0,\"2\":{\"5\":1}}\uee10{\"1\":16}\uee10{\"1\":459,\"2\":{\"5\":1}}\uee10{\"1\":483}\"><span style=\"text-decoration: underline;\"><a href=\"https:\/\/www.ticihandmade.it\/borse-passeggino\/\">Stroller bag<\/a><\/span> large and spacious, ideal for storing all the useful items for changing and your baby&#8217;s various needs. This <strong>mom bag<\/strong> is ideal for your walks in the city or out of town. Made of cream &#8220;Saffiano&#8221; textured fabric that is waterproof and easy to clean, handles, stroller hooks and side pockets in electric blue suede leather. Front zipper with blue color &#8220;Mom in love&#8221; print.<br \/>\n<\/span><\/p>\n<p><span data-sheets-value=\"{\"1\":2,\"2\":\"Borsa passeggino ampia e spaziosa, ideale per riporre tutti gli oggetti utili al cambio e alle varie necessit\u00e0 del tuo beb\u00e8. Questa borsa mamma \u00e8 l'ideale per le tue passeggiate in citt\u00e0 o fuori porta. Realizzata in tessuto tramato \"Saffiano\" panna,  impermeabile e facile da pulire, manici, ganci passeggino e tasche laterali in cuoio scamosciato blu elettrico. Zip frontale con stampa \"Mom in love\" colore blu. nnIl design ricercato non solo dona un aspetto giovanile ed originale a chi la indossa, ma la rende un accessorio versatile, perfetto per ogni occasione: una volta terminata la sua funzione di borsa mamma, potrai abbinarla anche successivamente a tutti i tuoi outfit, continuando a distinguerti con una borsa artigianale TICI Handmade! nnDispone di:nn- 2 comodi ganci per appendere la borsa al passegginon- 2 tasche con elastici porta biberonn- 2 tasconi internin- Manicin- Tracolla\"}\" data-sheets-userformat=\"{\"2\":829,\"3\":{\"1\":0},\"5\":{\"1\":[{\"1\":2,\"2\":0,\"5\":{\"1\":2,\"2\":0}},{\"1\":0,\"2\":0,\"3\":3},{\"1\":1,\"2\":0,\"4\":1}]},\"6\":{\"1\":[{\"1\":2,\"2\":0,\"5\":{\"1\":2,\"2\":0}},{\"1\":0,\"2\":0,\"3\":3},{\"1\":1,\"2\":0,\"4\":1}]},\"7\":{\"1\":[{\"1\":2,\"2\":0,\"5\":{\"1\":2,\"2\":0}},{\"1\":0,\"2\":0,\"3\":3},{\"1\":1,\"2\":0,\"4\":1}]},\"8\":{\"1\":[{\"1\":2,\"2\":0,\"5\":{\"1\":2,\"2\":0}},{\"1\":0,\"2\":0,\"3\":3},{\"1\":1,\"2\":0,\"4\":1}]},\"11\":4,\"12\":0}\" data-sheets-textstyleruns=\"{\"1\":0,\"2\":{\"5\":1}}\uee10{\"1\":16}\uee10{\"1\":459,\"2\":{\"5\":1}}\uee10{\"1\":483}\"><br \/>\nThe sophisticated design not only gives a <strong>youthful and original<\/strong> look to the wearer, but also makes it a versatile accessory, perfect for any occasion: once its function as a mom bag is over, you can pair it with all your outfits afterwards, continuing to stand out with a TICI Handmade bag! <em>Features:<\/em><\/span><\/p>\n<ul>\n<li>2 convenient hooks for hanging the bag on the stroller<\/li>\n<li>2 pockets with elastic bottle holders<\/li>\n<li>2 inside pockets<\/li>\n<li>Handles<\/li>\n<li>Shoulder strap<\/li>\n<\/ul>\n","protected":false},"featured_media":29532,"template":"","meta":[],"product_brand":[],"product_cat":[456],"product_tag":[457,399],"class_list":{"0":"post-31331","1":"product","2":"type-product","3":"status-publish","4":"has-post-thumbnail","6":"product_cat-mommy-bag","7":"product_tag-rose-satchel","8":"product_tag-saffiano-en","9":"pa_dimensione-media","10":"pa_dimensione-small","11":"pa_dimensione-to-travel","13":"first","14":"instock","15":"featured","16":"shipping-taxable","17":"purchasable","18":"product-type-variable"},"_links":{"self":[{"href":"https:\/\/www.ticihandmade.it\/en\/wp-json\/wp\/v2\/product\/31331","targetHints":{"allow":["GET"]}}],"collection":[{"href":"https:\/\/www.ticihandmade.it\/en\/wp-json\/wp\/v2\/product"}],"about":[{"href":"https:\/\/www.ticihandmade.it\/en\/wp-json\/wp\/v2\/types\/product"}],"version-history":[{"count":1,"href":"https:\/\/www.ticihandmade.it\/en\/wp-json\/wp\/v2\/product\/31331\/revisions"}],"predecessor-version":[{"id":31337,"href":"https:\/\/www.ticihandmade.it\/en\/wp-json\/wp\/v2\/product\/31331\/revisions\/31337"}],"wp:featuredmedia":[{"embeddable":true,"href":"https:\/\/www.ticihandmade.it\/en\/wp-json\/wp\/v2\/media\/29532"}],"wp:attachment":[{"href":"https:\/\/www.ticihandmade.it\/en\/wp-json\/wp\/v2\/media?parent=31331"}],"wp:term":[{"taxonomy":"product_brand","embeddable":true,"href":"https:\/\/www.ticihandmade.it\/en\/wp-json\/wp\/v2\/product_brand?post=31331"},{"taxonomy":"product_cat","embeddable":true,"href":"https:\/\/www.ticihandmade.it\/en\/wp-json\/wp\/v2\/product_cat?post=31331"},{"taxonomy":"product_tag","embeddable":true,"href":"https:\/\/www.ticihandmade.it\/en\/wp-json\/wp\/v2\/product_tag?post=31331"}],"curies":[{"name":"wp","href":"https:\/\/api.w.org\/{rel}","templated":true}]}}