{"id":31338,"date":"2018-11-24T11:20:34","date_gmt":"2018-11-24T10:20:34","guid":{"rendered":"https:\/\/www.ticihandmade.it\/mommy-bag-model-rose-blue-and-gold-satchel\/"},"modified":"2018-11-24T11:20:34","modified_gmt":"2018-11-24T10:20:34","slug":"mommy-bag-model-rose-blue-and-gold-satchel","status":"publish","type":"product","link":"https:\/\/www.ticihandmade.it\/en\/mommy-bag-model-rose-blue-and-gold-satchel\/","title":{"rendered":"Mommy Bag model Rose &#8211; Blue and Gold Satchel"},"content":{"rendered":"","protected":false},"excerpt":{"rendered":"<p><span data-sheets-value=\"{\"1\":2,\"2\":\"Borsa passeggino ampia e spaziosa, ideale per riporre tutti gli oggetti utili al cambio e alle varie necessit\u00e0 del tuo beb\u00e8. Questa borsa mamma \u00e8 l'ideale per le tue passeggiate in citt\u00e0 o fuori porta. Realizzata in tessuto tramato \\\"Saffiano \\\" blu,  impermeabile e facile da pulire, manici, ganci passeggino e tasche laterali in cuoio scamosciato nuvolato oro. Zip frontale con stampa \\\"Mom in love\\\" colore lilla. \\n\\nIl design ricercato non solo dona un aspetto giovanile ed originale a chi la indossa, ma la rende un accessorio versatile, perfetto per ogni occasione: una volta terminata la sua funzione di borsa mamma, potrai abbinarla anche successivamente a tutti i tuoi outfit, continuando a distinguerti con una borsa artigianale TICI Handmade! \\nDispone di:\\n\\n- 2 comodi ganci per appendere la borsa al passeggino\\n- 2 tasche con elastici porta biberon\\n- 2 tasconi interni\\n- Manici\\n- Tracolla\"}\" data-sheets-userformat=\"{\"2\":829,\"3\":{\"1\":0},\"5\":{\"1\":[{\"1\":2,\"2\":0,\"5\":{\"1\":2,\"2\":0}},{\"1\":0,\"2\":0,\"3\":3},{\"1\":1,\"2\":0,\"4\":1}]},\"6\":{\"1\":[{\"1\":2,\"2\":0,\"5\":{\"1\":2,\"2\":0}},{\"1\":0,\"2\":0,\"3\":3},{\"1\":1,\"2\":0,\"4\":1}]},\"7\":{\"1\":[{\"1\":2,\"2\":0,\"5\":{\"1\":2,\"2\":0}},{\"1\":0,\"2\":0,\"3\":3},{\"1\":1,\"2\":0,\"4\":1}]},\"8\":{\"1\":[{\"1\":2,\"2\":0,\"5\":{\"1\":2,\"2\":0}},{\"1\":0,\"2\":0,\"3\":3},{\"1\":1,\"2\":0,\"4\":1}]},\"11\":4,\"12\":0}\" data-sheets-textstyleruns=\"{\"1\":0,\"2\":{\"5\":1}}\uee10{\"1\":16}\uee10{\"1\":459,\"2\":{\"5\":1}}\uee10{\"1\":483}\"><a href=\"https:\/\/www.ticihandmade.it\/borse-passeggino\/\"><span style=\"text-decoration: underline;\">Stroller bag<\/span><\/a> large and spacious, ideal for storing all the items needed for changing and your baby&#8217;s various necessities. This <strong>mom bag<\/strong> is ideal for your walks in the city or out of town. Made of blue &#8220;Saffiano &#8221; textured fabric, waterproof and easy to clean, handles, stroller hooks and side pockets in gold clouded suede leather. Front zipper with lilac color &#8220;Mom in love&#8221; print.   <\/span><\/p>\n<p><span data-sheets-value=\"{\"1\":2,\"2\":\"Borsa passeggino ampia e spaziosa, ideale per riporre tutti gli oggetti utili al cambio e alle varie necessit\u00e0 del tuo beb\u00e8. Questa borsa mamma \u00e8 l'ideale per le tue passeggiate in citt\u00e0 o fuori porta. Realizzata in tessuto tramato \\\"Saffiano \\\" blu,  impermeabile e facile da pulire, manici, ganci passeggino e tasche laterali in cuoio scamosciato nuvolato oro. Zip frontale con stampa \\\"Mom in love\\\" colore lilla. \\n\\nIl design ricercato non solo dona un aspetto giovanile ed originale a chi la indossa, ma la rende un accessorio versatile, perfetto per ogni occasione: una volta terminata la sua funzione di borsa mamma, potrai abbinarla anche successivamente a tutti i tuoi outfit, continuando a distinguerti con una borsa artigianale TICI Handmade! \\nDispone di:\\n\\n- 2 comodi ganci per appendere la borsa al passeggino\\n- 2 tasche con elastici porta biberon\\n- 2 tasconi interni\\n- Manici\\n- Tracolla\"}\" data-sheets-userformat=\"{\"2\":829,\"3\":{\"1\":0},\"5\":{\"1\":[{\"1\":2,\"2\":0,\"5\":{\"1\":2,\"2\":0}},{\"1\":0,\"2\":0,\"3\":3},{\"1\":1,\"2\":0,\"4\":1}]},\"6\":{\"1\":[{\"1\":2,\"2\":0,\"5\":{\"1\":2,\"2\":0}},{\"1\":0,\"2\":0,\"3\":3},{\"1\":1,\"2\":0,\"4\":1}]},\"7\":{\"1\":[{\"1\":2,\"2\":0,\"5\":{\"1\":2,\"2\":0}},{\"1\":0,\"2\":0,\"3\":3},{\"1\":1,\"2\":0,\"4\":1}]},\"8\":{\"1\":[{\"1\":2,\"2\":0,\"5\":{\"1\":2,\"2\":0}},{\"1\":0,\"2\":0,\"3\":3},{\"1\":1,\"2\":0,\"4\":1}]},\"11\":4,\"12\":0}\" data-sheets-textstyleruns=\"{\"1\":0,\"2\":{\"5\":1}}\uee10{\"1\":16}\uee10{\"1\":459,\"2\":{\"5\":1}}\uee10{\"1\":483}\">The sophisticated design not only gives a <strong>youthful and original<\/strong> look to the wearer, but also makes it a versatile accessory, perfect for any occasion: once its function as a mom bag is over, you can pair it with all your outfits afterwards, continuing to stand out with a TICI Handmade bag! <em>Features:<\/em><\/span><\/p>\n<ul>\n<li>2 convenient hooks for hanging the bag on the stroller<\/li>\n<li>2 pockets with elastic bottle holders<\/li>\n<li>2 inside pockets<\/li>\n<li>Handles<\/li>\n<li>Shoulder strap<\/li>\n<li>Dimensions: 42 x 28 x 24 cm<\/li>\n<\/ul>\n","protected":false},"featured_media":29538,"template":"","meta":[],"product_brand":[],"product_cat":[415],"product_tag":[399],"class_list":{"0":"post-31338","1":"product","2":"type-product","3":"status-publish","4":"has-post-thumbnail","6":"product_cat-promo","7":"product_tag-saffiano-en","9":"first","10":"instock","11":"sale","12":"featured","13":"shipping-taxable","14":"purchasable","15":"product-type-simple"},"_links":{"self":[{"href":"https:\/\/www.ticihandmade.it\/en\/wp-json\/wp\/v2\/product\/31338","targetHints":{"allow":["GET"]}}],"collection":[{"href":"https:\/\/www.ticihandmade.it\/en\/wp-json\/wp\/v2\/product"}],"about":[{"href":"https:\/\/www.ticihandmade.it\/en\/wp-json\/wp\/v2\/types\/product"}],"version-history":[{"count":0,"href":"https:\/\/www.ticihandmade.it\/en\/wp-json\/wp\/v2\/product\/31338\/revisions"}],"wp:featuredmedia":[{"embeddable":true,"href":"https:\/\/www.ticihandmade.it\/en\/wp-json\/wp\/v2\/media\/29538"}],"wp:attachment":[{"href":"https:\/\/www.ticihandmade.it\/en\/wp-json\/wp\/v2\/media?parent=31338"}],"wp:term":[{"taxonomy":"product_brand","embeddable":true,"href":"https:\/\/www.ticihandmade.it\/en\/wp-json\/wp\/v2\/product_brand?post=31338"},{"taxonomy":"product_cat","embeddable":true,"href":"https:\/\/www.ticihandmade.it\/en\/wp-json\/wp\/v2\/product_cat?post=31338"},{"taxonomy":"product_tag","embeddable":true,"href":"https:\/\/www.ticihandmade.it\/en\/wp-json\/wp\/v2\/product_tag?post=31338"}],"curies":[{"name":"wp","href":"https:\/\/api.w.org\/{rel}","templated":true}]}}