{"id":31341,"date":"2018-11-24T11:10:47","date_gmt":"2018-11-24T10:10:47","guid":{"rendered":"https:\/\/www.ticihandmade.it\/mommy-bag-model-rose-stroller-bag-havana-and-pink\/"},"modified":"2018-11-24T11:10:47","modified_gmt":"2018-11-24T10:10:47","slug":"mommy-bag-model-rose-stroller-bag-havana-and-pink","status":"publish","type":"product","link":"https:\/\/www.ticihandmade.it\/en\/mommy-bag-model-rose-stroller-bag-havana-and-pink\/","title":{"rendered":"Mommy Bag model Rose &#8211; Stroller Bag Havana and Pink"},"content":{"rendered":"","protected":false},"excerpt":{"rendered":"<p><span data-sheets-value=\"{\"1\":2,\"2\":\"Borsa passeggino ampia e spaziosa, ideale per riporre tutti gli oggetti utili al cambio e alle varie necessit\u00e0 del tuo beb\u00e8. Questa borsa mamma \u00e8 l'ideale per le tue passeggiate in citt\u00e0 o fuori porta. Realizzata in tessuto tramato \\\"Saffiano\\\" panna,  impermeabile e facile da pulire, manici, ganci passeggino e tasche laterali in cuoio scamosciato nuvolato rosa chiaro. Zip frontale con stampa \\\"Mom in love\\\" colore tortora. \\n\\nIl design ricercato non solo dona un aspetto giovanile ed originale a chi la indossa, ma la rende un accessorio versatile, perfetto per ogni occasione: una volta terminata la sua funzione di borsa mamma, potrai abbinarla anche successivamente a tutti i tuoi outfit, continuando a distinguerti con una borsa artigianale TICI Handmade! \\n\\nDispone di:\\n\\n- 2 comodi ganci per appendere la borsa al passeggino\\n- 2 tasche con elastici porta biberon\\n- 2 tasconi interni\\n- Manici\\n- Tracolla\"}\" data-sheets-userformat=\"{\"2\":829,\"3\":{\"1\":0},\"5\":{\"1\":[{\"1\":2,\"2\":0,\"5\":{\"1\":2,\"2\":0}},{\"1\":0,\"2\":0,\"3\":3},{\"1\":1,\"2\":0,\"4\":1}]},\"6\":{\"1\":[{\"1\":2,\"2\":0,\"5\":{\"1\":2,\"2\":0}},{\"1\":0,\"2\":0,\"3\":3},{\"1\":1,\"2\":0,\"4\":1}]},\"7\":{\"1\":[{\"1\":2,\"2\":0,\"5\":{\"1\":2,\"2\":0}},{\"1\":0,\"2\":0,\"3\":3},{\"1\":1,\"2\":0,\"4\":1}]},\"8\":{\"1\":[{\"1\":2,\"2\":0,\"5\":{\"1\":2,\"2\":0}},{\"1\":0,\"2\":0,\"3\":3},{\"1\":1,\"2\":0,\"4\":1}]},\"11\":4,\"12\":0}\" data-sheets-textstyleruns=\"{\"1\":0,\"2\":{\"5\":1}}\uee10{\"1\":16}\uee10{\"1\":470,\"2\":{\"5\":1}}\uee10{\"1\":493}\"><a href=\"https:\/\/www.ticihandmade.it\/borse-passeggino\/\"><span style=\"text-decoration: underline;\">Stroller bag<\/span><\/a> large and spacious, ideal for storing all the useful items for changing and your baby&#8217;s various needs. This <strong>mom bag<\/strong> is ideal for your walks in the city or out of town. Made of cream &#8220;Saffiano&#8221; textured fabric that is waterproof and easy to clean, handles, stroller hooks and side pockets in light pink cloudy suede leather. Front zipper with taupe &#8220;Mom in love&#8221; print.<br \/>\n<\/span><\/p>\n<p><span data-sheets-value=\"{\"1\":2,\"2\":\"Borsa passeggino ampia e spaziosa, ideale per riporre tutti gli oggetti utili al cambio e alle varie necessit\u00e0 del tuo beb\u00e8. Questa borsa mamma \u00e8 l'ideale per le tue passeggiate in citt\u00e0 o fuori porta. Realizzata in tessuto tramato \\\"Saffiano\\\" panna,  impermeabile e facile da pulire, manici, ganci passeggino e tasche laterali in cuoio scamosciato nuvolato rosa chiaro. Zip frontale con stampa \\\"Mom in love\\\" colore tortora. \\n\\nIl design ricercato non solo dona un aspetto giovanile ed originale a chi la indossa, ma la rende un accessorio versatile, perfetto per ogni occasione: una volta terminata la sua funzione di borsa mamma, potrai abbinarla anche successivamente a tutti i tuoi outfit, continuando a distinguerti con una borsa artigianale TICI Handmade! \\n\\nDispone di:\\n\\n- 2 comodi ganci per appendere la borsa al passeggino\\n- 2 tasche con elastici porta biberon\\n- 2 tasconi interni\\n- Manici\\n- Tracolla\"}\" data-sheets-userformat=\"{\"2\":829,\"3\":{\"1\":0},\"5\":{\"1\":[{\"1\":2,\"2\":0,\"5\":{\"1\":2,\"2\":0}},{\"1\":0,\"2\":0,\"3\":3},{\"1\":1,\"2\":0,\"4\":1}]},\"6\":{\"1\":[{\"1\":2,\"2\":0,\"5\":{\"1\":2,\"2\":0}},{\"1\":0,\"2\":0,\"3\":3},{\"1\":1,\"2\":0,\"4\":1}]},\"7\":{\"1\":[{\"1\":2,\"2\":0,\"5\":{\"1\":2,\"2\":0}},{\"1\":0,\"2\":0,\"3\":3},{\"1\":1,\"2\":0,\"4\":1}]},\"8\":{\"1\":[{\"1\":2,\"2\":0,\"5\":{\"1\":2,\"2\":0}},{\"1\":0,\"2\":0,\"3\":3},{\"1\":1,\"2\":0,\"4\":1}]},\"11\":4,\"12\":0}\" data-sheets-textstyleruns=\"{\"1\":0,\"2\":{\"5\":1}}\uee10{\"1\":16}\uee10{\"1\":470,\"2\":{\"5\":1}}\uee10{\"1\":493}\"><br \/>\nThe sophisticated design not only gives a<strong> youthful and original<\/strong> look to the wearer, but also makes it a versatile accessory, perfect for any occasion: once its function as a mom bag is over, you can pair it with all your outfits afterwards, continuing to stand out with a TICI Handmade bag! <em>Features:<\/em><\/span><\/p>\n<ul>\n<li>2 convenient hooks for hanging the bag on the stroller<\/li>\n<li>2 pockets with elastic bottle holders<\/li>\n<li>2 inside pockets<\/li>\n<li>Handles<\/li>\n<li>Shoulder strap<\/li>\n<li>Dimensions: 42 x 28 x 24 cm<\/li>\n<\/ul>\n","protected":false},"featured_media":29527,"template":"","meta":[],"product_brand":[],"product_cat":[415],"product_tag":[399],"class_list":{"0":"post-31341","1":"product","2":"type-product","3":"status-publish","4":"has-post-thumbnail","6":"product_cat-promo","7":"product_tag-saffiano-en","9":"first","10":"outofstock","11":"sale","12":"featured","13":"shipping-taxable","14":"purchasable","15":"product-type-simple"},"_links":{"self":[{"href":"https:\/\/www.ticihandmade.it\/en\/wp-json\/wp\/v2\/product\/31341","targetHints":{"allow":["GET"]}}],"collection":[{"href":"https:\/\/www.ticihandmade.it\/en\/wp-json\/wp\/v2\/product"}],"about":[{"href":"https:\/\/www.ticihandmade.it\/en\/wp-json\/wp\/v2\/types\/product"}],"version-history":[{"count":0,"href":"https:\/\/www.ticihandmade.it\/en\/wp-json\/wp\/v2\/product\/31341\/revisions"}],"wp:featuredmedia":[{"embeddable":true,"href":"https:\/\/www.ticihandmade.it\/en\/wp-json\/wp\/v2\/media\/29527"}],"wp:attachment":[{"href":"https:\/\/www.ticihandmade.it\/en\/wp-json\/wp\/v2\/media?parent=31341"}],"wp:term":[{"taxonomy":"product_brand","embeddable":true,"href":"https:\/\/www.ticihandmade.it\/en\/wp-json\/wp\/v2\/product_brand?post=31341"},{"taxonomy":"product_cat","embeddable":true,"href":"https:\/\/www.ticihandmade.it\/en\/wp-json\/wp\/v2\/product_cat?post=31341"},{"taxonomy":"product_tag","embeddable":true,"href":"https:\/\/www.ticihandmade.it\/en\/wp-json\/wp\/v2\/product_tag?post=31341"}],"curies":[{"name":"wp","href":"https:\/\/api.w.org\/{rel}","templated":true}]}}