{"id":31350,"date":"2022-11-24T07:54:41","date_gmt":"2022-11-24T06:54:41","guid":{"rendered":"https:\/\/www.ticihandmade.it\/mommy-bag-model-amber-stroller-bag-multicolor\/"},"modified":"2022-11-24T07:54:41","modified_gmt":"2022-11-24T06:54:41","slug":"mommy-bag-model-amber-stroller-bag-multicolor","status":"publish","type":"product","link":"https:\/\/www.ticihandmade.it\/en\/mommy-bag-model-amber-stroller-bag-multicolor\/","title":{"rendered":"Mommy Bag model Amber &#8211; Stroller Bag Multicolor"},"content":{"rendered":"","protected":false},"excerpt":{"rendered":"<p><span data-sheets-value=\"{\"1\":2,\"2\":\"Borsa passeggino ampia e spaziosa ideale per riporre tutti gli oggetti utili al cambio e alle varie necessit\u00e0 del tuo beb\u00e8. Questa borsa mamma, realizzata in maniera 100% artigianale solo con materiali MADE IN ITALY, \u00e8 l'ideale per le tue passeggiate in citt\u00e0 o fuori porta. Realizzata in vera pelle laminata celeste, oro e rosa, questa borsa ideale per le mamme che non vogliono passare inosservate.\\n\\nIl design ricercato non solo dona un aspetto giovanile ed originale a chi la indossa, ma la rende un accessorio versatile, perfetto per ogni occasione: una volta terminata la sua funzione di borsa mamma, potrai abbinarla anche successivamente a tutti i tuoi outfit, continuando a distinguerti con una borsa artigianale TICI Handmade! \\n\\nDispone di:\\n\\n- 2 comodi ganci per appendere la borsa al passeggino\\n- 2 tasche con elastici porta biberon\\n- Zip frontale\\n- 2 tasconi interni\\n- Manici\\n- Tracolla\"}\" data-sheets-userformat=\"{\"2\":829,\"3\":{\"1\":0},\"5\":{\"1\":[{\"1\":2,\"2\":0,\"5\":{\"1\":2,\"2\":0}},{\"1\":0,\"2\":0,\"3\":3},{\"1\":1,\"2\":0,\"4\":1}]},\"6\":{\"1\":[{\"1\":2,\"2\":0,\"5\":{\"1\":2,\"2\":0}},{\"1\":0,\"2\":0,\"3\":3},{\"1\":1,\"2\":0,\"4\":1}]},\"7\":{\"1\":[{\"1\":2,\"2\":0,\"5\":{\"1\":2,\"2\":0}},{\"1\":0,\"2\":0,\"3\":3},{\"1\":1,\"2\":0,\"4\":1}]},\"8\":{\"1\":[{\"1\":2,\"2\":0,\"5\":{\"1\":2,\"2\":0}},{\"1\":0,\"2\":0,\"3\":3},{\"1\":1,\"2\":0,\"4\":1}]},\"11\":4,\"12\":0}\" data-sheets-textstyleruns=\"{\"1\":0,\"2\":{\"5\":1}}\uee10{\"1\":16}\uee10{\"1\":447,\"2\":{\"5\":1}}\uee10{\"1\":470}\"><span style=\"text-decoration: underline;\"><a href=\"https:\/\/www.ticihandmade.it\/borse-passeggino\/\">Stroller bag<\/a><\/span> large and spacious ideal for storing all the useful items for changing and your baby&#8217;s various needs. This mom bag, made in a 100% handcrafted way only with MADE IN ITALY materials, is ideal for your walks around town or out of town. Made of genuine light blue, gold and pink laminated leather, this bag is ideal for moms who don&#8217;t want to go unnoticed.  <\/span><\/p>\n<p>The sophisticated design not only gives a <strong>youthful and original<\/strong> look to the wearer, but also makes it a versatile accessory, perfect for any occasion: once its function as a mom bag is over, you can pair it with all your outfits afterwards, continuing to stand out with a TICI Handmade bag! <em>Features:<\/em><\/p>\n<ul>\n<li>2 convenient hooks for hanging the bag on the stroller<\/li>\n<li>2 pockets with elastic bottle holders<\/li>\n<li>Front zipper<\/li>\n<li>2 inside pockets<\/li>\n<li>Handles<\/li>\n<li>Shoulder strap<\/li>\n<li>Dimensions: 45 x 35 x 18 cm<\/li>\n<\/ul>\n","protected":false},"featured_media":29412,"template":"","meta":[],"product_brand":[],"product_cat":[456],"product_tag":[459],"class_list":{"0":"post-31350","1":"product","2":"type-product","3":"status-publish","4":"has-post-thumbnail","6":"product_cat-mommy-bag","7":"product_tag-laminate","9":"first","10":"instock","11":"featured","12":"shipping-taxable","13":"purchasable","14":"product-type-simple"},"_links":{"self":[{"href":"https:\/\/www.ticihandmade.it\/en\/wp-json\/wp\/v2\/product\/31350","targetHints":{"allow":["GET"]}}],"collection":[{"href":"https:\/\/www.ticihandmade.it\/en\/wp-json\/wp\/v2\/product"}],"about":[{"href":"https:\/\/www.ticihandmade.it\/en\/wp-json\/wp\/v2\/types\/product"}],"version-history":[{"count":0,"href":"https:\/\/www.ticihandmade.it\/en\/wp-json\/wp\/v2\/product\/31350\/revisions"}],"wp:featuredmedia":[{"embeddable":true,"href":"https:\/\/www.ticihandmade.it\/en\/wp-json\/wp\/v2\/media\/29412"}],"wp:attachment":[{"href":"https:\/\/www.ticihandmade.it\/en\/wp-json\/wp\/v2\/media?parent=31350"}],"wp:term":[{"taxonomy":"product_brand","embeddable":true,"href":"https:\/\/www.ticihandmade.it\/en\/wp-json\/wp\/v2\/product_brand?post=31350"},{"taxonomy":"product_cat","embeddable":true,"href":"https:\/\/www.ticihandmade.it\/en\/wp-json\/wp\/v2\/product_cat?post=31350"},{"taxonomy":"product_tag","embeddable":true,"href":"https:\/\/www.ticihandmade.it\/en\/wp-json\/wp\/v2\/product_tag?post=31350"}],"curies":[{"name":"wp","href":"https:\/\/api.w.org\/{rel}","templated":true}]}}