{"id":31352,"date":"2023-07-21T15:22:39","date_gmt":"2023-07-21T14:22:39","guid":{"rendered":"https:\/\/www.ticihandmade.it\/kindergarten-backpack-multicolor-child-backpack-customizable\/"},"modified":"2023-07-21T15:22:39","modified_gmt":"2023-07-21T14:22:39","slug":"kindergarten-backpack-multicolor-child-backpack-customizable","status":"publish","type":"product","link":"https:\/\/www.ticihandmade.it\/en\/kindergarten-backpack-multicolor-child-backpack-customizable\/","title":{"rendered":"Kindergarten Backpack &#8211; Multicolor Child Backpack Customizable"},"content":{"rendered":"","protected":false},"excerpt":{"rendered":"<p><span data-sheets-value=\"{\"1\":2,\"2\":\"Cool, pratico e funzionale. Questo zaino bambino\/a con nome da personalizzare \u00e8 realizzato in nabuck panna e azzurro con fascette verde menta. Questo zaino per bimbo\/a \u00e8 completamente fatto a mano, 100% Made in Italy, ed \u00e8 adatto per la scuola o semplicemente per accompagnare le passeggiate con mamma e pap\u00e0.nQuesto articolo prevede una personalizzazione. Subito dopo aver effettuato l\u2019ordine, scrivi a personalizzazioni.tici@postalmarket.it indicando il testo che vuoi inserire o chiama al +39 3933057542 o +39 3280249547rnLa dimensione della stampa o delle cucitura varia in base al numero dei caratteri inseriti tenendo conto delle dimensioni presenti nell'immagine. Se non indichi un testo entro le 24h dall'ordine, riceverai il prodotto senza alcuna stampa o cucitura.rnrnN.B Font e colori saranno gli stessi presenti nell' immaginernRicordati che articoli personalizzati non sono soggetti a resi.\"}\" data-sheets-userformat=\"{\"2\":829,\"3\":{\"1\":0},\"5\":{\"1\":[{\"1\":2,\"2\":0,\"5\":{\"1\":2,\"2\":0}},{\"1\":0,\"2\":0,\"3\":3},{\"1\":1,\"2\":0,\"4\":1}]},\"6\":{\"1\":[{\"1\":2,\"2\":0,\"5\":{\"1\":2,\"2\":0}},{\"1\":0,\"2\":0,\"3\":3},{\"1\":1,\"2\":0,\"4\":1}]},\"7\":{\"1\":[{\"1\":2,\"2\":0,\"5\":{\"1\":2,\"2\":0}},{\"1\":0,\"2\":0,\"3\":3},{\"1\":1,\"2\":0,\"4\":1}]},\"8\":{\"1\":[{\"1\":2,\"2\":0,\"5\":{\"1\":2,\"2\":0}},{\"1\":0,\"2\":0,\"3\":3},{\"1\":1,\"2\":0,\"4\":1}]},\"11\":4,\"12\":0}\" data-sheets-textstyleruns=\"{\"1\":0}\uee10{\"1\":35,\"2\":{\"5\":1}}\uee10{\"1\":50}\uee10{\"1\":184,\"2\":{\"5\":1}}\uee10{\"1\":196}\uee10{\"1\":310,\"2\":{\"2\":{\"1\":2,\"2\":16711680}}}\">Cool, practical and functional. This <strong>baby boy\/girl backpack<\/strong> with name to personalize is made of cream and light blue nabuck with mint green ties. This baby\/toddler backpack is completely handmade, 100% Made in Italy, and is suitable for school or simply to accompany walks with mom and dad.    <\/span><\/p>\n<ul>\n<li>100% Made in Italy<\/li>\n<li>Adjustable cable ties<\/li>\n<li>Dimensions: 25 x 31 x 8 cm<\/li>\n<\/ul>\n","protected":false},"featured_media":29455,"template":"","meta":[],"product_brand":[],"product_cat":[396],"product_tag":[406],"class_list":{"0":"post-31352","1":"product","2":"type-product","3":"status-publish","4":"has-post-thumbnail","6":"product_cat-backpacks-en","7":"product_tag-nabuck-en","9":"first","10":"instock","11":"shipping-taxable","12":"purchasable","13":"product-type-simple"},"_links":{"self":[{"href":"https:\/\/www.ticihandmade.it\/en\/wp-json\/wp\/v2\/product\/31352","targetHints":{"allow":["GET"]}}],"collection":[{"href":"https:\/\/www.ticihandmade.it\/en\/wp-json\/wp\/v2\/product"}],"about":[{"href":"https:\/\/www.ticihandmade.it\/en\/wp-json\/wp\/v2\/types\/product"}],"version-history":[{"count":0,"href":"https:\/\/www.ticihandmade.it\/en\/wp-json\/wp\/v2\/product\/31352\/revisions"}],"wp:featuredmedia":[{"embeddable":true,"href":"https:\/\/www.ticihandmade.it\/en\/wp-json\/wp\/v2\/media\/29455"}],"wp:attachment":[{"href":"https:\/\/www.ticihandmade.it\/en\/wp-json\/wp\/v2\/media?parent=31352"}],"wp:term":[{"taxonomy":"product_brand","embeddable":true,"href":"https:\/\/www.ticihandmade.it\/en\/wp-json\/wp\/v2\/product_brand?post=31352"},{"taxonomy":"product_cat","embeddable":true,"href":"https:\/\/www.ticihandmade.it\/en\/wp-json\/wp\/v2\/product_cat?post=31352"},{"taxonomy":"product_tag","embeddable":true,"href":"https:\/\/www.ticihandmade.it\/en\/wp-json\/wp\/v2\/product_tag?post=31352"}],"curies":[{"name":"wp","href":"https:\/\/api.w.org\/{rel}","templated":true}]}}