{"id":31354,"date":"2023-10-26T15:23:10","date_gmt":"2023-10-26T14:23:10","guid":{"rendered":"https:\/\/www.ticihandmade.it\/kindergarten-backpack-multicolor-baby-backpack-andrea\/"},"modified":"2024-10-15T10:32:42","modified_gmt":"2024-10-15T09:32:42","slug":"kindergarten-backpack-multicolor-baby-backpack-andrea","status":"publish","type":"product","link":"https:\/\/www.ticihandmade.it\/en\/kindergarten-backpack-multicolor-baby-backpack-andrea\/","title":{"rendered":"Kindergarten Backpack &#8211; Multicolor baby backpack &#8220;Andrea&#8221;"},"content":{"rendered":"\t\t<div data-elementor-type=\"wp-post\" data-elementor-id=\"31354\" class=\"elementor elementor-31354 elementor-17794\" data-elementor-post-type=\"product\">\n\t\t\t\t\t\t<section class=\"elementor-section elementor-top-section elementor-element elementor-element-0368473 elementor-section-boxed elementor-section-height-default elementor-section-height-default wpr-particle-no wpr-jarallax-no wpr-parallax-no wpr-sticky-section-no wpr-column-slider-no wpr-equal-height-no\" data-id=\"0368473\" data-element_type=\"section\" data-e-type=\"section\">\n\t\t\t\t\t\t<div class=\"elementor-container elementor-column-gap-default\">\n\t\t\t\t\t<div class=\"elementor-column elementor-col-100 elementor-top-column elementor-element elementor-element-9eb7f97\" data-id=\"9eb7f97\" data-element_type=\"column\" data-e-type=\"column\">\n\t\t\t<div class=\"elementor-widget-wrap elementor-element-populated\">\n\t\t\t\t\t\t<div class=\"elementor-element elementor-element-0cc3e12 elementor-widget elementor-widget-heading\" data-id=\"0cc3e12\" data-element_type=\"widget\" data-e-type=\"widget\" data-widget_type=\"heading.default\">\n\t\t\t\t<div class=\"elementor-widget-container\">\n\t\t\t\t\t<h2 class=\"elementor-heading-title elementor-size-default\">Product in stock<\/h2>\t\t\t\t<\/div>\n\t\t\t\t<\/div>\n\t\t\t\t<div class=\"elementor-element elementor-element-7da1d9d elementor-widget elementor-widget-text-editor\" data-id=\"7da1d9d\" data-element_type=\"widget\" data-e-type=\"widget\" data-widget_type=\"text-editor.default\">\n\t\t\t\t<div class=\"elementor-widget-container\">\n\t\t\t\t\t\t\t\t\t<p>This little girl\/boy backpack is on consignment, so it is not customizable and will arrive with<b>&#8220;Andrea<\/b>&#8221; as pictured.&nbsp;<\/p>\n\t\t\t\t\t\t\t\t<\/div>\n\t\t\t\t<\/div>\n\t\t\t\t\t<\/div>\n\t\t<\/div>\n\t\t\t\t\t<\/div>\n\t\t<\/section>\n\t\t\t\t<\/div>\n\t\t","protected":false},"excerpt":{"rendered":"<p><span data-sheets-value=\"{\"1\":2,\"2\":\"Cool, pratico e funzionale. Questo zaino bambino\/a con nome da personalizzare \u00e8 realizzato in nabuck panna e azzurro con fascette verde menta. Questo zaino per bimbo\/a \u00e8 completamente fatto a mano, 100% Made in Italy, ed \u00e8 adatto per la scuola o semplicemente per accompagnare le passeggiate con mamma e pap\u00e0.nQuesto articolo prevede una personalizzazione. Subito dopo aver effettuato l\u2019ordine, scrivi a personalizzazioni.tici@postalmarket.it indicando il testo che vuoi inserire o chiama al +39 3933057542 o +39 3280249547rnLa dimensione della stampa o delle cucitura varia in base al numero dei caratteri inseriti tenendo conto delle dimensioni presenti nell'immagine. Se non indichi un testo entro le 24h dall'ordine, riceverai il prodotto senza alcuna stampa o cucitura.rnrnN.B Font e colori saranno gli stessi presenti nell' immaginernRicordati che articoli personalizzati non sono soggetti a resi.\"}\" data-sheets-userformat=\"{\"2\":829,\"3\":{\"1\":0},\"5\":{\"1\":[{\"1\":2,\"2\":0,\"5\":{\"1\":2,\"2\":0}},{\"1\":0,\"2\":0,\"3\":3},{\"1\":1,\"2\":0,\"4\":1}]},\"6\":{\"1\":[{\"1\":2,\"2\":0,\"5\":{\"1\":2,\"2\":0}},{\"1\":0,\"2\":0,\"3\":3},{\"1\":1,\"2\":0,\"4\":1}]},\"7\":{\"1\":[{\"1\":2,\"2\":0,\"5\":{\"1\":2,\"2\":0}},{\"1\":0,\"2\":0,\"3\":3},{\"1\":1,\"2\":0,\"4\":1}]},\"8\":{\"1\":[{\"1\":2,\"2\":0,\"5\":{\"1\":2,\"2\":0}},{\"1\":0,\"2\":0,\"3\":3},{\"1\":1,\"2\":0,\"4\":1}]},\"11\":4,\"12\":0}\" data-sheets-textstyleruns=\"{\"1\":0}\uee10{\"1\":35,\"2\":{\"5\":1}}\uee10{\"1\":50}\uee10{\"1\":184,\"2\":{\"5\":1}}\uee10{\"1\":196}\uee10{\"1\":310,\"2\":{\"2\":{\"1\":2,\"2\":16711680}}}\">Cool, practical and functional. This baby\/toddler <strong>backpack<\/strong> with embroidered name &#8220;Andrea&#8221; is made of cream and light blue nabuck with mint green ties. This baby\/toddler backpack is completely handmade, 100% Made in Italy, and is suitable for school or simply for accompanying walks with mom and dad.    <\/span><\/p>\n<p><strong>DIMENSIONS:<\/strong> <span data-sheets-value=\"{\"1\":2,\"2\":\"25 x 31 x 8 cm\"}\" data-sheets-userformat=\"{\"2\":765,\"3\":{\"1\":0},\"5\":{\"1\":[{\"1\":2,\"2\":0,\"5\":{\"1\":2,\"2\":0}},{\"1\":0,\"2\":0,\"3\":3},{\"1\":1,\"2\":0,\"4\":1}]},\"6\":{\"1\":[{\"1\":2,\"2\":0,\"5\":{\"1\":2,\"2\":0}},{\"1\":0,\"2\":0,\"3\":3},{\"1\":1,\"2\":0,\"4\":1}]},\"7\":{\"1\":[{\"1\":2,\"2\":0,\"5\":{\"1\":2,\"2\":0}},{\"1\":0,\"2\":0,\"3\":3},{\"1\":1,\"2\":0,\"4\":1}]},\"8\":{\"1\":[{\"1\":2,\"2\":0,\"5\":{\"1\":2,\"2\":0}},{\"1\":0,\"2\":0,\"3\":3},{\"1\":1,\"2\":0,\"4\":1}]},\"9\":1,\"10\":1,\"12\":0}\">25 x 31 x 8 cm<\/span> &#8212;&#8212;&#8212;&#8212;&#8212;&#8212;&#8212;&#8212;&#8212;&#8212;- This little girl\/boy backpack is on consignment, so it is not customizable and will arrive with &#8220;<b>Andrea<\/b>&#8221; as pictured.<\/p>\n","protected":false},"featured_media":29455,"template":"","meta":[],"product_brand":[],"product_cat":[415],"product_tag":[406],"class_list":{"0":"post-31354","1":"product","2":"type-product","3":"status-publish","4":"has-post-thumbnail","6":"product_cat-promo","7":"product_tag-nabuck-en","9":"first","10":"instock","11":"sale","12":"shipping-taxable","13":"purchasable","14":"product-type-simple"},"_links":{"self":[{"href":"https:\/\/www.ticihandmade.it\/en\/wp-json\/wp\/v2\/product\/31354","targetHints":{"allow":["GET"]}}],"collection":[{"href":"https:\/\/www.ticihandmade.it\/en\/wp-json\/wp\/v2\/product"}],"about":[{"href":"https:\/\/www.ticihandmade.it\/en\/wp-json\/wp\/v2\/types\/product"}],"version-history":[{"count":1,"href":"https:\/\/www.ticihandmade.it\/en\/wp-json\/wp\/v2\/product\/31354\/revisions"}],"predecessor-version":[{"id":31357,"href":"https:\/\/www.ticihandmade.it\/en\/wp-json\/wp\/v2\/product\/31354\/revisions\/31357"}],"wp:featuredmedia":[{"embeddable":true,"href":"https:\/\/www.ticihandmade.it\/en\/wp-json\/wp\/v2\/media\/29455"}],"wp:attachment":[{"href":"https:\/\/www.ticihandmade.it\/en\/wp-json\/wp\/v2\/media?parent=31354"}],"wp:term":[{"taxonomy":"product_brand","embeddable":true,"href":"https:\/\/www.ticihandmade.it\/en\/wp-json\/wp\/v2\/product_brand?post=31354"},{"taxonomy":"product_cat","embeddable":true,"href":"https:\/\/www.ticihandmade.it\/en\/wp-json\/wp\/v2\/product_cat?post=31354"},{"taxonomy":"product_tag","embeddable":true,"href":"https:\/\/www.ticihandmade.it\/en\/wp-json\/wp\/v2\/product_tag?post=31354"}],"curies":[{"name":"wp","href":"https:\/\/api.w.org\/{rel}","templated":true}]}}