{"id":31358,"date":"2022-11-24T09:28:49","date_gmt":"2022-11-24T08:28:49","guid":{"rendered":"https:\/\/www.ticihandmade.it\/backpack-kindergarten-girl-backpack-heart\/"},"modified":"2022-11-24T09:28:49","modified_gmt":"2022-11-24T08:28:49","slug":"backpack-kindergarten-girl-backpack-heart","status":"publish","type":"product","link":"https:\/\/www.ticihandmade.it\/en\/backpack-kindergarten-girl-backpack-heart\/","title":{"rendered":"Backpack Kindergarten Girl &#8211; Backpack Heart"},"content":{"rendered":"","protected":false},"excerpt":{"rendered":"<p><span data-sheets-value=\"{\"1\":2,\"2\":\"Cool, originale e funzionale. Questo zaino bambina a forma di cuore \u00e8 realizzato in vera pelle laminata color rosa, oro e celeste con fascette verde menta. Questo zaino per bimba \u00e8 completamente fatto a mano, 100% Made in Italy, ed \u00e8 adatto per la scuola o semplicemente per accompagnare le passeggiate con mamma e pap\u00e0.\"}\" data-sheets-userformat=\"{\"2\":829,\"3\":{\"1\":0},\"5\":{\"1\":[{\"1\":2,\"2\":0,\"5\":{\"1\":2,\"2\":0}},{\"1\":0,\"2\":0,\"3\":3},{\"1\":1,\"2\":0,\"4\":1}]},\"6\":{\"1\":[{\"1\":2,\"2\":0,\"5\":{\"1\":2,\"2\":0}},{\"1\":0,\"2\":0,\"3\":3},{\"1\":1,\"2\":0,\"4\":1}]},\"7\":{\"1\":[{\"1\":2,\"2\":0,\"5\":{\"1\":2,\"2\":0}},{\"1\":0,\"2\":0,\"3\":3},{\"1\":1,\"2\":0,\"4\":1}]},\"8\":{\"1\":[{\"1\":2,\"2\":0,\"5\":{\"1\":2,\"2\":0}},{\"1\":0,\"2\":0,\"3\":3},{\"1\":1,\"2\":0,\"4\":1}]},\"11\":4,\"12\":0}\" data-sheets-textstyleruns=\"{\"1\":0}\uee10{\"1\":37,\"2\":{\"5\":1}}\uee10{\"1\":68}\">Cool, original and functional. This heart-shaped <strong>baby girl backpack<\/strong> is made of genuine pink, gold and light blue laminated leather with mint green bands. This baby girl backpack is completely handmade, 100% Made in Italy, and is suitable for school or simply to accompany walks with mom and dad.  <\/span><\/p>\n<p><strong>DIMENSIONS: <\/strong>36 x 34 x 8 cm<\/p>\n","protected":false},"featured_media":29460,"template":"","meta":[],"product_brand":[],"product_cat":[415],"product_tag":[459],"class_list":{"0":"post-31358","1":"product","2":"type-product","3":"status-publish","4":"has-post-thumbnail","6":"product_cat-promo","7":"product_tag-laminate","9":"first","10":"instock","11":"sale","12":"featured","13":"shipping-taxable","14":"purchasable","15":"product-type-simple"},"_links":{"self":[{"href":"https:\/\/www.ticihandmade.it\/en\/wp-json\/wp\/v2\/product\/31358","targetHints":{"allow":["GET"]}}],"collection":[{"href":"https:\/\/www.ticihandmade.it\/en\/wp-json\/wp\/v2\/product"}],"about":[{"href":"https:\/\/www.ticihandmade.it\/en\/wp-json\/wp\/v2\/types\/product"}],"version-history":[{"count":0,"href":"https:\/\/www.ticihandmade.it\/en\/wp-json\/wp\/v2\/product\/31358\/revisions"}],"wp:featuredmedia":[{"embeddable":true,"href":"https:\/\/www.ticihandmade.it\/en\/wp-json\/wp\/v2\/media\/29460"}],"wp:attachment":[{"href":"https:\/\/www.ticihandmade.it\/en\/wp-json\/wp\/v2\/media?parent=31358"}],"wp:term":[{"taxonomy":"product_brand","embeddable":true,"href":"https:\/\/www.ticihandmade.it\/en\/wp-json\/wp\/v2\/product_brand?post=31358"},{"taxonomy":"product_cat","embeddable":true,"href":"https:\/\/www.ticihandmade.it\/en\/wp-json\/wp\/v2\/product_cat?post=31358"},{"taxonomy":"product_tag","embeddable":true,"href":"https:\/\/www.ticihandmade.it\/en\/wp-json\/wp\/v2\/product_tag?post=31358"}],"curies":[{"name":"wp","href":"https:\/\/api.w.org\/{rel}","templated":true}]}}