{"id":31360,"date":"2022-11-24T09:33:21","date_gmt":"2022-11-24T08:33:21","guid":{"rendered":"https:\/\/www.ticihandmade.it\/kindergarten-backpack-baby-backpack-with-print\/"},"modified":"2022-11-24T09:33:21","modified_gmt":"2022-11-24T08:33:21","slug":"kindergarten-backpack-baby-backpack-with-print","status":"publish","type":"product","link":"https:\/\/www.ticihandmade.it\/en\/kindergarten-backpack-baby-backpack-with-print\/","title":{"rendered":"Kindergarten Backpack &#8211; Baby Backpack with Print"},"content":{"rendered":"","protected":false},"excerpt":{"rendered":"<p><span data-sheets-value=\"{\"1\":2,\"2\":\"Cool, pratico e funzionale. Questo zaino bambino\/a \u00e8 realizzato in similpelle saffiano e suede con fascette verde menta. Questo zaino per bimbo\/a \u00e8 completamente fatto a mano, 100% Made in Italy, ed \u00e8 adatto per la scuola o semplicemente per accompagnare le passeggiate con mamma e pap\u00e0.\"}\" data-sheets-userformat=\"{\"2\":829,\"3\":{\"1\":0},\"5\":{\"1\":[{\"1\":2,\"2\":0,\"5\":{\"1\":2,\"2\":0}},{\"1\":0,\"2\":0,\"3\":3},{\"1\":1,\"2\":0,\"4\":1}]},\"6\":{\"1\":[{\"1\":2,\"2\":0,\"5\":{\"1\":2,\"2\":0}},{\"1\":0,\"2\":0,\"3\":3},{\"1\":1,\"2\":0,\"4\":1}]},\"7\":{\"1\":[{\"1\":2,\"2\":0,\"5\":{\"1\":2,\"2\":0}},{\"1\":0,\"2\":0,\"3\":3},{\"1\":1,\"2\":0,\"4\":1}]},\"8\":{\"1\":[{\"1\":2,\"2\":0,\"5\":{\"1\":2,\"2\":0}},{\"1\":0,\"2\":0,\"3\":3},{\"1\":1,\"2\":0,\"4\":1}]},\"11\":4,\"12\":0}\" data-sheets-textstyleruns=\"{\"1\":0}\uee10{\"1\":35,\"2\":{\"5\":1}}\uee10{\"1\":50}\">Cool, practical and functional. This baby\/toddler <strong>backpack<\/strong> is made of saffiano leatherette and suede with mint green ties. This baby\/toddler backpack is completely handmade, 100% Made in Italy, and is suitable for school or simply to accompany walks with mom and dad.  <\/span><\/p>\n<p><strong>DIMENSIONS: <\/strong><span data-sheets-value=\"{\"1\":2,\"2\":\"25 x 31 x 8 cm\"}\" data-sheets-userformat=\"{\"2\":765,\"3\":{\"1\":0},\"5\":{\"1\":[{\"1\":2,\"2\":0,\"5\":{\"1\":2,\"2\":0}},{\"1\":0,\"2\":0,\"3\":3},{\"1\":1,\"2\":0,\"4\":1}]},\"6\":{\"1\":[{\"1\":2,\"2\":0,\"5\":{\"1\":2,\"2\":0}},{\"1\":0,\"2\":0,\"3\":3},{\"1\":1,\"2\":0,\"4\":1}]},\"7\":{\"1\":[{\"1\":2,\"2\":0,\"5\":{\"1\":2,\"2\":0}},{\"1\":0,\"2\":0,\"3\":3},{\"1\":1,\"2\":0,\"4\":1}]},\"8\":{\"1\":[{\"1\":2,\"2\":0,\"5\":{\"1\":2,\"2\":0}},{\"1\":0,\"2\":0,\"3\":3},{\"1\":1,\"2\":0,\"4\":1}]},\"9\":1,\"10\":1,\"12\":0}\">25 x 31 x 8 cm<\/span><\/p>\n","protected":false},"featured_media":29464,"template":"","meta":[],"product_brand":[],"product_cat":[415],"product_tag":[399],"class_list":{"0":"post-31360","1":"product","2":"type-product","3":"status-publish","4":"has-post-thumbnail","6":"product_cat-promo","7":"product_tag-saffiano-en","9":"first","10":"instock","11":"sale","12":"shipping-taxable","13":"purchasable","14":"product-type-simple"},"_links":{"self":[{"href":"https:\/\/www.ticihandmade.it\/en\/wp-json\/wp\/v2\/product\/31360","targetHints":{"allow":["GET"]}}],"collection":[{"href":"https:\/\/www.ticihandmade.it\/en\/wp-json\/wp\/v2\/product"}],"about":[{"href":"https:\/\/www.ticihandmade.it\/en\/wp-json\/wp\/v2\/types\/product"}],"version-history":[{"count":0,"href":"https:\/\/www.ticihandmade.it\/en\/wp-json\/wp\/v2\/product\/31360\/revisions"}],"wp:featuredmedia":[{"embeddable":true,"href":"https:\/\/www.ticihandmade.it\/en\/wp-json\/wp\/v2\/media\/29464"}],"wp:attachment":[{"href":"https:\/\/www.ticihandmade.it\/en\/wp-json\/wp\/v2\/media?parent=31360"}],"wp:term":[{"taxonomy":"product_brand","embeddable":true,"href":"https:\/\/www.ticihandmade.it\/en\/wp-json\/wp\/v2\/product_brand?post=31360"},{"taxonomy":"product_cat","embeddable":true,"href":"https:\/\/www.ticihandmade.it\/en\/wp-json\/wp\/v2\/product_cat?post=31360"},{"taxonomy":"product_tag","embeddable":true,"href":"https:\/\/www.ticihandmade.it\/en\/wp-json\/wp\/v2\/product_tag?post=31360"}],"curies":[{"name":"wp","href":"https:\/\/api.w.org\/{rel}","templated":true}]}}