{"id":31488,"date":"2018-11-24T09:12:46","date_gmt":"2018-11-24T08:12:46","guid":{"rendered":"https:\/\/www.ticihandmade.it\/mommy-bag-black-stroller-bag-with-backpack-system\/"},"modified":"2018-11-24T09:12:46","modified_gmt":"2018-11-24T08:12:46","slug":"mommy-bag-black-stroller-bag-with-backpack-system","status":"publish","type":"product","link":"https:\/\/www.ticihandmade.it\/en\/mommy-bag-black-stroller-bag-with-backpack-system\/","title":{"rendered":"Mommy Bag Black &#8211; Stroller Bag with Backpack System"},"content":{"rendered":"","protected":false},"excerpt":{"rendered":"<p><span data-sheets-value=\"{\"1\":2,\"2\":\"Borsa Mamma ampia e spaziosa, ideale per riporre tutti gli oggetti utili al cambio e alle varie necessit\u00e0 del tuo beb\u00e8. Questa borsa passeggino, realizzata in maniera 100% artigianale solo con materiali MADE IN ITALY, \u00e8 l'ideale per le tue passeggiate in citt\u00e0 o fuori porta. Realizzata in morbido tessuto liscio colore nero, manici, ganci passeggino e tasche laterali color fuxia. Zip frontale con scritta in strass \\\"Mom in love\\\" dotata di tecnologia \\\"acqua-clean\\\". Sistema zaino integrato.\\n\\nIl design ricercato non solo dona un aspetto giovanile ed originale a chi la indossa, ma la rende un accessorio versatile, perfetto per ogni occasione: una volta terminata la sua funzione di borsa mamma, potrai abbinarla anche successivamente a tutti i tuoi outfit, continuando a distinguerti con una borsa artigianale TICI Handmade! \\n\\nDispone di:\\n\\n- 2 comodi ganci per appendere la borsa al passeggino\\n- 4 elastici porta biberon\\n- Sistema zaino\\n- 2 Tasche laterali\\n- Zip frontale \\n- 4 tasconi interni\\n- Manici\\n- Tracolla\"}\" data-sheets-userformat=\"{\"2\":829,\"3\":{\"1\":0},\"5\":{\"1\":[{\"1\":2,\"2\":0,\"5\":{\"1\":2,\"2\":0}},{\"1\":0,\"2\":0,\"3\":3},{\"1\":1,\"2\":0,\"4\":1}]},\"6\":{\"1\":[{\"1\":2,\"2\":0,\"5\":{\"1\":2,\"2\":0}},{\"1\":0,\"2\":0,\"3\":3},{\"1\":1,\"2\":0,\"4\":1}]},\"7\":{\"1\":[{\"1\":2,\"2\":0,\"5\":{\"1\":2,\"2\":0}},{\"1\":0,\"2\":0,\"3\":3},{\"1\":1,\"2\":0,\"4\":1}]},\"8\":{\"1\":[{\"1\":2,\"2\":0,\"5\":{\"1\":2,\"2\":0}},{\"1\":0,\"2\":0,\"3\":3},{\"1\":1,\"2\":0,\"4\":1}]},\"11\":4,\"12\":0}\" data-sheets-textstyleruns=\"{\"1\":0,\"2\":{\"5\":1}}\uee10{\"1\":11}\uee10{\"1\":538,\"2\":{\"5\":1}}\uee10{\"1\":560}\"><a href=\"https:\/\/www.ticihandmade.it\/borse-passeggino\/\"><span style=\"text-decoration: underline;\">Changing Bag<\/span><\/a> large and spacious, ideal for storing all the useful items for changing and your baby&#8217;s various needs. This stroller bag, made in a 100% handcrafted manner with only MADE IN ITALY materials, is ideal for your walks around town or out of town. Made of soft smooth fabric in black color, handles, stroller hooks and side pockets in fuchsia color. Front zipper with rhinestone inscription<strong>&#8220;Mom in love<\/strong>&#8221; equipped with &#8220;water-clean&#8221; technology. Integrated backpack system.<br \/>\n<\/span><\/p>\n<p><span data-sheets-value=\"{\"1\":2,\"2\":\"Borsa Mamma ampia e spaziosa, ideale per riporre tutti gli oggetti utili al cambio e alle varie necessit\u00e0 del tuo beb\u00e8. Questa borsa passeggino, realizzata in maniera 100% artigianale solo con materiali MADE IN ITALY, \u00e8 l'ideale per le tue passeggiate in citt\u00e0 o fuori porta. Realizzata in morbido tessuto liscio colore nero, manici, ganci passeggino e tasche laterali color fuxia. Zip frontale con scritta in strass \\\"Mom in love\\\" dotata di tecnologia \\\"acqua-clean\\\". Sistema zaino integrato.\\n\\nIl design ricercato non solo dona un aspetto giovanile ed originale a chi la indossa, ma la rende un accessorio versatile, perfetto per ogni occasione: una volta terminata la sua funzione di borsa mamma, potrai abbinarla anche successivamente a tutti i tuoi outfit, continuando a distinguerti con una borsa artigianale TICI Handmade! \\n\\nDispone di:\\n\\n- 2 comodi ganci per appendere la borsa al passeggino\\n- 4 elastici porta biberon\\n- Sistema zaino\\n- 2 Tasche laterali\\n- Zip frontale \\n- 4 tasconi interni\\n- Manici\\n- Tracolla\"}\" data-sheets-userformat=\"{\"2\":829,\"3\":{\"1\":0},\"5\":{\"1\":[{\"1\":2,\"2\":0,\"5\":{\"1\":2,\"2\":0}},{\"1\":0,\"2\":0,\"3\":3},{\"1\":1,\"2\":0,\"4\":1}]},\"6\":{\"1\":[{\"1\":2,\"2\":0,\"5\":{\"1\":2,\"2\":0}},{\"1\":0,\"2\":0,\"3\":3},{\"1\":1,\"2\":0,\"4\":1}]},\"7\":{\"1\":[{\"1\":2,\"2\":0,\"5\":{\"1\":2,\"2\":0}},{\"1\":0,\"2\":0,\"3\":3},{\"1\":1,\"2\":0,\"4\":1}]},\"8\":{\"1\":[{\"1\":2,\"2\":0,\"5\":{\"1\":2,\"2\":0}},{\"1\":0,\"2\":0,\"3\":3},{\"1\":1,\"2\":0,\"4\":1}]},\"11\":4,\"12\":0}\" data-sheets-textstyleruns=\"{\"1\":0,\"2\":{\"5\":1}}\uee10{\"1\":11}\uee10{\"1\":538,\"2\":{\"5\":1}}\uee10{\"1\":560}\"><br \/>\nThe sophisticated design not only gives a <strong>youthful and original<\/strong> look to the wearer, but also makes it a versatile accessory, perfect for any occasion: once its function as a mom bag is over, you can pair it with all your outfits afterwards, continuing to stand out with a TICI Handmade bag!<em> Features:<\/em><\/span><\/p>\n<ul>\n<li>2 convenient hooks for hanging the bag on the stroller<\/li>\n<li>4 elastic bottle holders<\/li>\n<li>Backpack system<\/li>\n<li>2 Side Pockets<\/li>\n<li>Front zipper<\/li>\n<li>4 inside pockets<\/li>\n<li>Handles<\/li>\n<li>Shoulder strap<\/li>\n<li>Dimensions: 42 x 32 x 16 cm<\/li>\n<\/ul>\n","protected":false},"featured_media":29448,"template":"","meta":[],"product_brand":[],"product_cat":[415],"product_tag":[414],"class_list":{"0":"post-31488","1":"product","2":"type-product","3":"status-publish","4":"has-post-thumbnail","6":"product_cat-promo","7":"product_tag-neoprene-en","9":"first","10":"instock","11":"sale","12":"featured","13":"shipping-taxable","14":"purchasable","15":"product-type-simple"},"_links":{"self":[{"href":"https:\/\/www.ticihandmade.it\/en\/wp-json\/wp\/v2\/product\/31488","targetHints":{"allow":["GET"]}}],"collection":[{"href":"https:\/\/www.ticihandmade.it\/en\/wp-json\/wp\/v2\/product"}],"about":[{"href":"https:\/\/www.ticihandmade.it\/en\/wp-json\/wp\/v2\/types\/product"}],"version-history":[{"count":0,"href":"https:\/\/www.ticihandmade.it\/en\/wp-json\/wp\/v2\/product\/31488\/revisions"}],"wp:featuredmedia":[{"embeddable":true,"href":"https:\/\/www.ticihandmade.it\/en\/wp-json\/wp\/v2\/media\/29448"}],"wp:attachment":[{"href":"https:\/\/www.ticihandmade.it\/en\/wp-json\/wp\/v2\/media?parent=31488"}],"wp:term":[{"taxonomy":"product_brand","embeddable":true,"href":"https:\/\/www.ticihandmade.it\/en\/wp-json\/wp\/v2\/product_brand?post=31488"},{"taxonomy":"product_cat","embeddable":true,"href":"https:\/\/www.ticihandmade.it\/en\/wp-json\/wp\/v2\/product_cat?post=31488"},{"taxonomy":"product_tag","embeddable":true,"href":"https:\/\/www.ticihandmade.it\/en\/wp-json\/wp\/v2\/product_tag?post=31488"}],"curies":[{"name":"wp","href":"https:\/\/api.w.org\/{rel}","templated":true}]}}