{"id":31498,"date":"2018-11-24T11:01:11","date_gmt":"2018-11-24T10:01:11","guid":{"rendered":"https:\/\/www.ticihandmade.it\/mommy-bag-model-asia-backpack-stroller-brown-and-havana\/"},"modified":"2018-11-24T11:01:11","modified_gmt":"2018-11-24T10:01:11","slug":"mommy-bag-model-asia-backpack-stroller-brown-and-havana","status":"publish","type":"product","link":"https:\/\/www.ticihandmade.it\/en\/mommy-bag-model-asia-backpack-stroller-brown-and-havana\/","title":{"rendered":"Mommy Bag model Asia &#8211; Backpack Stroller Brown and Havana"},"content":{"rendered":"","protected":false},"excerpt":{"rendered":"<p><span data-sheets-value=\"{\"1\":2,\"2\":\"Borsa passeggino ampia e spaziosa, ideale per riporre tutti gli oggetti utili al cambio e alle varie necessit\u00e0 del tuo beb\u00e8. Questa borsa mamma \u00e8 l'ideale per le tue passeggiate in citt\u00e0 o fuori porta. Realizzata in morbido tessuto nabuck panna e marrone, dotata di tecnologia \\\"acqua-clean\\\" manici, ganci passeggino realizzati in vera pelle marrone.Tasca frontale con Zip con scritta ricamata \\\"Mom in love\\\" colore celeste e tiffany, dotata anche di sistema zaino.\\n\\nIl design ricercato non solo dona un aspetto giovanile ed originale a chi la indossa, ma la rende un accessorio versatile, perfetto per ogni occasione: una volta terminata la sua funzione di borsa mamma, potrai abbinarla anche successivamente a tutti i tuoi outfit, continuando a distinguerti con una borsa artigianale TICI Handmade! \\nDispone di:\\n\\n- 2 comodi ganci per appendere la borsa al passeggino\\n- 2 tasche laterali\\n- Sistema zaino\\n- 2 tasche con elastici porta biberon\\n- 2 tasconi interni\\n- Manici\\n- Tracolla\\n\\nQuesto articolo prevede una personalizzazione. Subito dopo aver effettuato l\u2019ordine, scrivi a personalizzazioni.tici@postalmarket.it indicando il testo che vuoi inserire o chiama al +39 3933057542 o +39 3280249547\\r\\nLa dimensione della stampa o delle cucitura varia in base al numero dei caratteri inseriti tenendo conto delle dimensioni presenti nell'immagine. Se non indichi un testo entro le 24h dall'ordine, riceverai il prodotto senza alcuna stampa o cucitura.\\r\\n\\r\\nN.B Font e colori saranno gli stessi presenti nell' immagine\\r\\nRicordati che articoli personalizzati non sono soggetti a resi.\"}\" data-sheets-userformat=\"{\"2\":829,\"3\":{\"1\":0},\"5\":{\"1\":[{\"1\":2,\"2\":0,\"5\":{\"1\":2,\"2\":0}},{\"1\":0,\"2\":0,\"3\":3},{\"1\":1,\"2\":0,\"4\":1}]},\"6\":{\"1\":[{\"1\":2,\"2\":0,\"5\":{\"1\":2,\"2\":0}},{\"1\":0,\"2\":0,\"3\":3},{\"1\":1,\"2\":0,\"4\":1}]},\"7\":{\"1\":[{\"1\":2,\"2\":0,\"5\":{\"1\":2,\"2\":0}},{\"1\":0,\"2\":0,\"3\":3},{\"1\":1,\"2\":0,\"4\":1}]},\"8\":{\"1\":[{\"1\":2,\"2\":0,\"5\":{\"1\":2,\"2\":0}},{\"1\":0,\"2\":0,\"3\":3},{\"1\":1,\"2\":0,\"4\":1}]},\"11\":4,\"12\":0}\" data-sheets-textstyleruns=\"{\"1\":0,\"2\":{\"5\":1}}\uee10{\"1\":16}\uee10{\"1\":510,\"2\":{\"5\":1}}\uee10{\"1\":532}\uee10{\"1\":982,\"2\":{\"2\":{\"1\":2,\"2\":16711680}}}\"><a href=\"https:\/\/www.ticihandmade.it\/borse-passeggino\/\"><span style=\"text-decoration: underline;\">Stroller bag<\/span><\/a> large and spacious, ideal for storing all the items needed for changing and your baby&#8217;s various necessities. This <strong>mom bag<\/strong> is ideal for your walks around town or out of town. Made of soft cream and brown nabuck fabric, equipped with &#8220;water-clean&#8221; technology handles, stroller hooks made of genuine brown leather. Zipper front pocket with embroidered &#8220;Mom in love&#8221; color light blue and tiffany, also equipped with backpack system.<br \/>\n<\/span><\/p>\n<p><span data-sheets-value=\"{\"1\":2,\"2\":\"Borsa passeggino ampia e spaziosa, ideale per riporre tutti gli oggetti utili al cambio e alle varie necessit\u00e0 del tuo beb\u00e8. Questa borsa mamma \u00e8 l'ideale per le tue passeggiate in citt\u00e0 o fuori porta. Realizzata in morbido tessuto nabuck panna e marrone, dotata di tecnologia \\\"acqua-clean\\\" manici, ganci passeggino realizzati in vera pelle marrone.Tasca frontale con Zip con scritta ricamata \\\"Mom in love\\\" colore celeste e tiffany, dotata anche di sistema zaino.\\n\\nIl design ricercato non solo dona un aspetto giovanile ed originale a chi la indossa, ma la rende un accessorio versatile, perfetto per ogni occasione: una volta terminata la sua funzione di borsa mamma, potrai abbinarla anche successivamente a tutti i tuoi outfit, continuando a distinguerti con una borsa artigianale TICI Handmade! \\nDispone di:\\n\\n- 2 comodi ganci per appendere la borsa al passeggino\\n- 2 tasche laterali\\n- Sistema zaino\\n- 2 tasche con elastici porta biberon\\n- 2 tasconi interni\\n- Manici\\n- Tracolla\\n\\nQuesto articolo prevede una personalizzazione. Subito dopo aver effettuato l\u2019ordine, scrivi a personalizzazioni.tici@postalmarket.it indicando il testo che vuoi inserire o chiama al +39 3933057542 o +39 3280249547\\r\\nLa dimensione della stampa o delle cucitura varia in base al numero dei caratteri inseriti tenendo conto delle dimensioni presenti nell'immagine. Se non indichi un testo entro le 24h dall'ordine, riceverai il prodotto senza alcuna stampa o cucitura.\\r\\n\\r\\nN.B Font e colori saranno gli stessi presenti nell' immagine\\r\\nRicordati che articoli personalizzati non sono soggetti a resi.\"}\" data-sheets-userformat=\"{\"2\":829,\"3\":{\"1\":0},\"5\":{\"1\":[{\"1\":2,\"2\":0,\"5\":{\"1\":2,\"2\":0}},{\"1\":0,\"2\":0,\"3\":3},{\"1\":1,\"2\":0,\"4\":1}]},\"6\":{\"1\":[{\"1\":2,\"2\":0,\"5\":{\"1\":2,\"2\":0}},{\"1\":0,\"2\":0,\"3\":3},{\"1\":1,\"2\":0,\"4\":1}]},\"7\":{\"1\":[{\"1\":2,\"2\":0,\"5\":{\"1\":2,\"2\":0}},{\"1\":0,\"2\":0,\"3\":3},{\"1\":1,\"2\":0,\"4\":1}]},\"8\":{\"1\":[{\"1\":2,\"2\":0,\"5\":{\"1\":2,\"2\":0}},{\"1\":0,\"2\":0,\"3\":3},{\"1\":1,\"2\":0,\"4\":1}]},\"11\":4,\"12\":0}\" data-sheets-textstyleruns=\"{\"1\":0,\"2\":{\"5\":1}}\uee10{\"1\":16}\uee10{\"1\":510,\"2\":{\"5\":1}}\uee10{\"1\":532}\uee10{\"1\":982,\"2\":{\"2\":{\"1\":2,\"2\":16711680}}}\"><br \/>\nThe sophisticated design not only gives a <strong>youthful and original<\/strong> look to the wearer, but also makes it a versatile accessory, perfect for any occasion: once its function as a mom bag is over, you can pair it with all your outfits afterwards, continuing to stand out with a TICI Handmade bag! <em>Features:<\/em><\/span><\/p>\n<ul>\n<li>2 convenient hooks for hanging the bag on the stroller<\/li>\n<li>2 side pockets<\/li>\n<li>Backpack system<\/li>\n<li>2 pockets with elastic bottle holders<\/li>\n<li>2 inside pockets<\/li>\n<li>Handles<\/li>\n<li>Shoulder strap<\/li>\n<li>Size: 37 x 27 x 13 cm<\/li>\n<\/ul>\n","protected":false},"featured_media":29518,"template":"","meta":[],"product_brand":[],"product_cat":[415],"product_tag":[406],"class_list":{"0":"post-31498","1":"product","2":"type-product","3":"status-publish","4":"has-post-thumbnail","6":"product_cat-promo","7":"product_tag-nabuck-en","9":"first","10":"outofstock","11":"sale","12":"featured","13":"shipping-taxable","14":"purchasable","15":"product-type-simple"},"_links":{"self":[{"href":"https:\/\/www.ticihandmade.it\/en\/wp-json\/wp\/v2\/product\/31498","targetHints":{"allow":["GET"]}}],"collection":[{"href":"https:\/\/www.ticihandmade.it\/en\/wp-json\/wp\/v2\/product"}],"about":[{"href":"https:\/\/www.ticihandmade.it\/en\/wp-json\/wp\/v2\/types\/product"}],"version-history":[{"count":0,"href":"https:\/\/www.ticihandmade.it\/en\/wp-json\/wp\/v2\/product\/31498\/revisions"}],"wp:featuredmedia":[{"embeddable":true,"href":"https:\/\/www.ticihandmade.it\/en\/wp-json\/wp\/v2\/media\/29518"}],"wp:attachment":[{"href":"https:\/\/www.ticihandmade.it\/en\/wp-json\/wp\/v2\/media?parent=31498"}],"wp:term":[{"taxonomy":"product_brand","embeddable":true,"href":"https:\/\/www.ticihandmade.it\/en\/wp-json\/wp\/v2\/product_brand?post=31498"},{"taxonomy":"product_cat","embeddable":true,"href":"https:\/\/www.ticihandmade.it\/en\/wp-json\/wp\/v2\/product_cat?post=31498"},{"taxonomy":"product_tag","embeddable":true,"href":"https:\/\/www.ticihandmade.it\/en\/wp-json\/wp\/v2\/product_tag?post=31498"}],"curies":[{"name":"wp","href":"https:\/\/api.w.org\/{rel}","templated":true}]}}