{"id":31591,"date":"2023-08-04T11:03:32","date_gmt":"2023-08-04T10:03:32","guid":{"rendered":"https:\/\/www.ticihandmade.it\/mommy-bag-model-asia-pink-stroller-bag-with-name\/"},"modified":"2023-08-04T11:03:32","modified_gmt":"2023-08-04T10:03:32","slug":"mommy-bag-model-asia-pink-stroller-bag-with-name","status":"publish","type":"product","link":"https:\/\/www.ticihandmade.it\/en\/mommy-bag-model-asia-pink-stroller-bag-with-name\/","title":{"rendered":"Mommy Bag model Asia | Pink Stroller Bag with name"},"content":{"rendered":"","protected":false},"excerpt":{"rendered":"<p><span data-sheets-value=\"{\"1\":2,\"2\":\"Borsa passeggino ampia e spaziosa ideale per riporre tutti gli oggetti utili al cambio e alle varie necessit\u00e0 del tuo beb\u00e8. Questa borsa mamma, realizzata in maniera 100% artigianale solo con materiali MADE IN ITALY, \u00e8 l'ideale per le tue passeggiate in citt\u00e0 o fuori porta. Realizzata in cuoio scamosciato rosa e nuvolato oro. Zip frontale con nome personalizzato ricamato. Questa borsa ideale per le mamme che non vogliono passare inosservate.nnIl design ricercato non solo dona un aspetto giovanile ed originale a chi la indossa, ma la rende un accessorio versatile, perfetto per ogni occasione: una volta terminata la sua funzione di borsa mamma, potrai abbinarla anche successivamente a tutti i tuoi outfit, continuando a distinguerti con una borsa artigianale TICI Handmade! nnDispone di:nn- 2 comodi ganci per appendere la borsa al passegginon- 2 tasche con elastici porta biberonn- 2 Tasche lateralin- Zip frontalen- 2 tasconi internin- Manicin- TracollannQuesto articolo prevede una personalizzazione. Subito dopo aver effettuato l\u2019ordine, scrivi a personalizzazioni.tici@postalmarket.it indicando il testo che vuoi inserire o chiama al +39 3933057542 o +39 3280249547rnLa dimensione della stampa o delle cucitura varia in base al numero dei caratteri inseriti tenendo conto delle dimensioni presenti nell'immagine. Se non indichi un testo entro le 24h dall'ordine, riceverai il prodotto senza alcuna stampa o cucitura.rnrnN.B Font e colori saranno gli stessi presenti nell' immaginernRicordati che articoli personalizzati non sono soggetti a resi.\"}\" data-sheets-userformat=\"{\"2\":957,\"3\":{\"1\":0},\"5\":{\"1\":[{\"1\":2,\"2\":0,\"5\":{\"1\":2,\"2\":0}},{\"1\":0,\"2\":0,\"3\":3},{\"1\":1,\"2\":0,\"4\":1}]},\"6\":{\"1\":[{\"1\":2,\"2\":0,\"5\":{\"1\":2,\"2\":0}},{\"1\":0,\"2\":0,\"3\":3},{\"1\":1,\"2\":0,\"4\":1}]},\"7\":{\"1\":[{\"1\":2,\"2\":0,\"5\":{\"1\":2,\"2\":0}},{\"1\":0,\"2\":0,\"3\":3},{\"1\":1,\"2\":0,\"4\":1}]},\"8\":{\"1\":[{\"1\":2,\"2\":0,\"5\":{\"1\":2,\"2\":0}},{\"1\":0,\"2\":0,\"3\":3},{\"1\":1,\"2\":0,\"4\":1}]},\"10\":1,\"11\":4,\"12\":0}\" data-sheets-textstyleruns=\"{\"1\":0,\"2\":{\"5\":1}}\uee10{\"1\":16}\uee10{\"1\":492,\"2\":{\"5\":1}}\uee10{\"1\":515}\uee10{\"1\":964,\"2\":{\"2\":{\"1\":2,\"2\":16711680}}}\"><a href=\"https:\/\/www.ticihandmade.it\/borse-passeggino\/\"><span style=\"text-decoration: underline;\">Stroller bag<\/span><\/a> large and spacious ideal for storing all the useful items for changing and your baby&#8217;s various needs. This <strong>mom bag<\/strong>, made in a 100% handcrafted way only from MADE IN ITALY materials, is ideal for your walks around town or out of town. Made of pink and gold clouded suede leather. Front zipper with personalized embroidered name. This ideal bag for moms who don&#8217;t want to go unnoticed.<br \/>\n<\/span><\/p>\n<p><span data-sheets-value=\"{\"1\":2,\"2\":\"Borsa passeggino ampia e spaziosa ideale per riporre tutti gli oggetti utili al cambio e alle varie necessit\u00e0 del tuo beb\u00e8. Questa borsa mamma, realizzata in maniera 100% artigianale solo con materiali MADE IN ITALY, \u00e8 l'ideale per le tue passeggiate in citt\u00e0 o fuori porta. Realizzata in cuoio scamosciato rosa e nuvolato oro. Zip frontale con nome personalizzato ricamato. Questa borsa ideale per le mamme che non vogliono passare inosservate.nnIl design ricercato non solo dona un aspetto giovanile ed originale a chi la indossa, ma la rende un accessorio versatile, perfetto per ogni occasione: una volta terminata la sua funzione di borsa mamma, potrai abbinarla anche successivamente a tutti i tuoi outfit, continuando a distinguerti con una borsa artigianale TICI Handmade! nnDispone di:nn- 2 comodi ganci per appendere la borsa al passegginon- 2 tasche con elastici porta biberonn- 2 Tasche lateralin- Zip frontalen- 2 tasconi internin- Manicin- TracollannQuesto articolo prevede una personalizzazione. Subito dopo aver effettuato l\u2019ordine, scrivi a personalizzazioni.tici@postalmarket.it indicando il testo che vuoi inserire o chiama al +39 3933057542 o +39 3280249547rnLa dimensione della stampa o delle cucitura varia in base al numero dei caratteri inseriti tenendo conto delle dimensioni presenti nell'immagine. Se non indichi un testo entro le 24h dall'ordine, riceverai il prodotto senza alcuna stampa o cucitura.rnrnN.B Font e colori saranno gli stessi presenti nell' immaginernRicordati che articoli personalizzati non sono soggetti a resi.\"}\" data-sheets-userformat=\"{\"2\":957,\"3\":{\"1\":0},\"5\":{\"1\":[{\"1\":2,\"2\":0,\"5\":{\"1\":2,\"2\":0}},{\"1\":0,\"2\":0,\"3\":3},{\"1\":1,\"2\":0,\"4\":1}]},\"6\":{\"1\":[{\"1\":2,\"2\":0,\"5\":{\"1\":2,\"2\":0}},{\"1\":0,\"2\":0,\"3\":3},{\"1\":1,\"2\":0,\"4\":1}]},\"7\":{\"1\":[{\"1\":2,\"2\":0,\"5\":{\"1\":2,\"2\":0}},{\"1\":0,\"2\":0,\"3\":3},{\"1\":1,\"2\":0,\"4\":1}]},\"8\":{\"1\":[{\"1\":2,\"2\":0,\"5\":{\"1\":2,\"2\":0}},{\"1\":0,\"2\":0,\"3\":3},{\"1\":1,\"2\":0,\"4\":1}]},\"10\":1,\"11\":4,\"12\":0}\" data-sheets-textstyleruns=\"{\"1\":0,\"2\":{\"5\":1}}\uee10{\"1\":16}\uee10{\"1\":492,\"2\":{\"5\":1}}\uee10{\"1\":515}\uee10{\"1\":964,\"2\":{\"2\":{\"1\":2,\"2\":16711680}}}\"><br \/>\nThe sophisticated design not only gives a <strong>youthful and original<\/strong> look to the wearer, but also makes it a versatile accessory, perfect for any occasion: once its function as a mom bag is over, you can pair it with all your outfits afterwards, continuing to stand out with a TICI Handmade bag! <em>Features:<\/em><\/span><\/p>\n<ul>\n<li>2 convenient hooks for hanging the bag on the stroller<\/li>\n<li>2 pockets with elastic bottle holders<\/li>\n<li>2 Side Pockets<\/li>\n<li>Front zipper<\/li>\n<li>2 inside pockets<\/li>\n<li>Handles<\/li>\n<li>Shoulder strap<\/li>\n<\/ul>\n","protected":false},"featured_media":29510,"template":"","meta":[],"product_brand":[],"product_cat":[456],"product_tag":[465,419],"class_list":{"0":"post-31591","1":"product","2":"type-product","3":"status-publish","4":"has-post-thumbnail","6":"product_cat-mommy-bag","7":"product_tag-asia-stock-exchange","8":"product_tag-suede-en","9":"pa_dimensione-media","10":"pa_dimensione-small","11":"pa_dimensione-to-travel","13":"first","14":"instock","15":"featured","16":"shipping-taxable","17":"purchasable","18":"product-type-variable"},"_links":{"self":[{"href":"https:\/\/www.ticihandmade.it\/en\/wp-json\/wp\/v2\/product\/31591","targetHints":{"allow":["GET"]}}],"collection":[{"href":"https:\/\/www.ticihandmade.it\/en\/wp-json\/wp\/v2\/product"}],"about":[{"href":"https:\/\/www.ticihandmade.it\/en\/wp-json\/wp\/v2\/types\/product"}],"version-history":[{"count":0,"href":"https:\/\/www.ticihandmade.it\/en\/wp-json\/wp\/v2\/product\/31591\/revisions"}],"wp:featuredmedia":[{"embeddable":true,"href":"https:\/\/www.ticihandmade.it\/en\/wp-json\/wp\/v2\/media\/29510"}],"wp:attachment":[{"href":"https:\/\/www.ticihandmade.it\/en\/wp-json\/wp\/v2\/media?parent=31591"}],"wp:term":[{"taxonomy":"product_brand","embeddable":true,"href":"https:\/\/www.ticihandmade.it\/en\/wp-json\/wp\/v2\/product_brand?post=31591"},{"taxonomy":"product_cat","embeddable":true,"href":"https:\/\/www.ticihandmade.it\/en\/wp-json\/wp\/v2\/product_cat?post=31591"},{"taxonomy":"product_tag","embeddable":true,"href":"https:\/\/www.ticihandmade.it\/en\/wp-json\/wp\/v2\/product_tag?post=31591"}],"curies":[{"name":"wp","href":"https:\/\/api.w.org\/{rel}","templated":true}]}}