{"id":31608,"date":"2022-11-24T10:13:45","date_gmt":"2022-11-24T09:13:45","guid":{"rendered":"https:\/\/www.ticihandmade.it\/change-clutch-bag-pink-heart\/"},"modified":"2022-11-24T10:13:45","modified_gmt":"2022-11-24T09:13:45","slug":"change-clutch-bag-pink-heart","status":"publish","type":"product","link":"https:\/\/www.ticihandmade.it\/en\/change-clutch-bag-pink-heart\/","title":{"rendered":"Change Clutch Bag &#8211; Pink Heart"},"content":{"rendered":"","protected":false},"excerpt":{"rendered":"<p><span data-sheets-value=\"{\"1\":2,\"2\":\"Pochette cambio comoda e pratica in cui riporre l'occorrente essenziale per il cambio del proprio beb\u00e9. Realizzata interamente a mano con materiali 100% Made in Italy, \u00e8 in tessuto tecnico nero di altissima qualit\u00e0 e decorata con un cuore rosa. Accessori in abbinato argento.\"}\" data-sheets-userformat=\"{\"2\":829,\"3\":{\"1\":0},\"5\":{\"1\":[{\"1\":2,\"2\":0,\"5\":{\"1\":2,\"2\":0}},{\"1\":0,\"2\":0,\"3\":3},{\"1\":1,\"2\":0,\"4\":1}]},\"6\":{\"1\":[{\"1\":2,\"2\":0,\"5\":{\"1\":2,\"2\":0}},{\"1\":0,\"2\":0,\"3\":3},{\"1\":1,\"2\":0,\"4\":1}]},\"7\":{\"1\":[{\"1\":2,\"2\":0,\"5\":{\"1\":2,\"2\":0}},{\"1\":0,\"2\":0,\"3\":3},{\"1\":1,\"2\":0,\"4\":1}]},\"8\":{\"1\":[{\"1\":2,\"2\":0,\"5\":{\"1\":2,\"2\":0}},{\"1\":0,\"2\":0,\"3\":3},{\"1\":1,\"2\":0,\"4\":1}]},\"11\":4,\"12\":0}\" data-sheets-textstyleruns=\"{\"1\":0,\"2\":{\"5\":1}}\uee10{\"1\":15}\">Comfortable and practical <strong>changing pouch<\/strong> in which to store your baby&#8217;s changing essentials or your personal items. Made entirely by hand from 100% Made in Italy materials, it is made of the highest quality black technical fabric and decorated with a pink heart. Matching silver accessories.  <\/span><\/p>\n<ul>\n<li>100% Made in Italy<\/li>\n<li>Color: black<\/li>\n<li>Dimensions: <span data-sheets-value=\"{\"1\":2,\"2\":\"28 x 16 x 8 cm\"}\" data-sheets-userformat=\"{\"2\":765,\"3\":{\"1\":0},\"5\":{\"1\":[{\"1\":2,\"2\":0,\"5\":{\"1\":2,\"2\":0}},{\"1\":0,\"2\":0,\"3\":3},{\"1\":1,\"2\":0,\"4\":1}]},\"6\":{\"1\":[{\"1\":2,\"2\":0,\"5\":{\"1\":2,\"2\":0}},{\"1\":0,\"2\":0,\"3\":3},{\"1\":1,\"2\":0,\"4\":1}]},\"7\":{\"1\":[{\"1\":2,\"2\":0,\"5\":{\"1\":2,\"2\":0}},{\"1\":0,\"2\":0,\"3\":3},{\"1\":1,\"2\":0,\"4\":1}]},\"8\":{\"1\":[{\"1\":2,\"2\":0,\"5\":{\"1\":2,\"2\":0}},{\"1\":0,\"2\":0,\"3\":3},{\"1\":1,\"2\":0,\"4\":1}]},\"9\":1,\"10\":1,\"12\":0}\">28 x 16 x 8 cm<\/span><\/li>\n<li>Silver accessories<\/li>\n<\/ul>\n","protected":false},"featured_media":29491,"template":"","meta":[],"product_brand":[],"product_cat":[428,402],"product_tag":[414],"class_list":{"0":"post-31608","1":"product","2":"type-product","3":"status-publish","4":"has-post-thumbnail","6":"product_cat-change-pouch","7":"product_cat-womens-mens-clutch-bag","8":"product_tag-neoprene-en","10":"first","11":"instock","12":"shipping-taxable","13":"purchasable","14":"product-type-simple"},"_links":{"self":[{"href":"https:\/\/www.ticihandmade.it\/en\/wp-json\/wp\/v2\/product\/31608","targetHints":{"allow":["GET"]}}],"collection":[{"href":"https:\/\/www.ticihandmade.it\/en\/wp-json\/wp\/v2\/product"}],"about":[{"href":"https:\/\/www.ticihandmade.it\/en\/wp-json\/wp\/v2\/types\/product"}],"version-history":[{"count":0,"href":"https:\/\/www.ticihandmade.it\/en\/wp-json\/wp\/v2\/product\/31608\/revisions"}],"wp:featuredmedia":[{"embeddable":true,"href":"https:\/\/www.ticihandmade.it\/en\/wp-json\/wp\/v2\/media\/29491"}],"wp:attachment":[{"href":"https:\/\/www.ticihandmade.it\/en\/wp-json\/wp\/v2\/media?parent=31608"}],"wp:term":[{"taxonomy":"product_brand","embeddable":true,"href":"https:\/\/www.ticihandmade.it\/en\/wp-json\/wp\/v2\/product_brand?post=31608"},{"taxonomy":"product_cat","embeddable":true,"href":"https:\/\/www.ticihandmade.it\/en\/wp-json\/wp\/v2\/product_cat?post=31608"},{"taxonomy":"product_tag","embeddable":true,"href":"https:\/\/www.ticihandmade.it\/en\/wp-json\/wp\/v2\/product_tag?post=31608"}],"curies":[{"name":"wp","href":"https:\/\/api.w.org\/{rel}","templated":true}]}}