{"id":31635,"date":"2022-11-24T09:47:38","date_gmt":"2022-11-24T08:47:38","guid":{"rendered":"https:\/\/www.ticihandmade.it\/kindergarten-backpack-baby-backpack-with-teddy-bear\/"},"modified":"2024-10-15T10:35:31","modified_gmt":"2024-10-15T09:35:31","slug":"kindergarten-backpack-baby-backpack-with-teddy-bear","status":"publish","type":"product","link":"https:\/\/www.ticihandmade.it\/en\/kindergarten-backpack-baby-backpack-with-teddy-bear\/","title":{"rendered":"Kindergarten Backpack &#8211; Baby Backpack with Teddy Bear"},"content":{"rendered":"\t\t<div data-elementor-type=\"wp-post\" data-elementor-id=\"31635\" class=\"elementor elementor-31635 elementor-15047\" data-elementor-post-type=\"product\">\n\t\t\t\t\t\t<section class=\"elementor-section elementor-top-section elementor-element elementor-element-e8125df elementor-section-boxed elementor-section-height-default elementor-section-height-default wpr-particle-no wpr-jarallax-no wpr-parallax-no wpr-sticky-section-no wpr-equal-height-no\" data-id=\"e8125df\" data-element_type=\"section\" data-e-type=\"section\">\n\t\t\t\t\t\t<div class=\"elementor-container elementor-column-gap-default\">\n\t\t\t\t\t<div class=\"elementor-column elementor-col-100 elementor-top-column elementor-element elementor-element-14498dc\" data-id=\"14498dc\" data-element_type=\"column\" data-e-type=\"column\">\n\t\t\t<div class=\"elementor-widget-wrap elementor-element-populated\">\n\t\t\t\t\t\t<div class=\"elementor-element elementor-element-e58e6a3 elementor-widget elementor-widget-heading\" data-id=\"e58e6a3\" data-element_type=\"widget\" data-e-type=\"widget\" data-widget_type=\"heading.default\">\n\t\t\t\t<div class=\"elementor-widget-container\">\n\t\t\t\t\t<h2 class=\"elementor-heading-title elementor-size-default\">Product in stock<\/h2>\t\t\t\t<\/div>\n\t\t\t\t<\/div>\n\t\t\t\t<div class=\"elementor-element elementor-element-930ce4c elementor-widget elementor-widget-text-editor\" data-id=\"930ce4c\" data-element_type=\"widget\" data-e-type=\"widget\" data-widget_type=\"text-editor.default\">\n\t\t\t\t<div class=\"elementor-widget-container\">\n\t\t\t\t\t\t\t\t\t<p>This little girl&#8217;s backpack is on consignment, so it is not customizable and will arrive with<b>&#8220;Sveva<\/b>&#8221; as pictured.&nbsp;<\/p>\n\t\t\t\t\t\t\t\t<\/div>\n\t\t\t\t<\/div>\n\t\t\t\t\t<\/div>\n\t\t<\/div>\n\t\t\t\t\t<\/div>\n\t\t<\/section>\n\t\t\t\t<\/div>\n\t\t","protected":false},"excerpt":{"rendered":"<p><span data-sheets-value=\"{\"1\":2,\"2\":\"Cool, pratico e funzionale. Questo zainetto unisex con nome o iniziali da personalizzare \u00e8 realizzato in similpelle con fascette avana. Questo zaino per bambini \u00e8 completamente fatto a mano, 100% Made in Italy, ed \u00e8 adatto per la scuola o semplicemente per accompagnare le passeggiate con mamma e pap\u00e0.\\nQuesto articolo prevede una personalizzazione. Subito dopo aver effettuato l\u2019ordine, scrivi a personalizzazioni.tici@postalmarket.it indicando il testo che vuoi inserire o chiama al +39 3933057542 o +39 3280249547\\r\\nLa dimensione della stampa o delle cucitura varia in base al numero dei caratteri inseriti tenendo conto delle dimensioni presenti nell'immagine. Se non indichi un testo entro le 24h dall'ordine, riceverai il prodotto senza alcuna stampa o cucitura.\\r\\n\\r\\nN.B Font e colori saranno gli stessi presenti nell' immagine\\r\\nRicordati che articoli personalizzati non sono soggetti a resi.\"}\" data-sheets-userformat=\"{\"2\":829,\"3\":{\"1\":0},\"5\":{\"1\":[{\"1\":2,\"2\":0,\"5\":{\"1\":2,\"2\":0}},{\"1\":0,\"2\":0,\"3\":3},{\"1\":1,\"2\":0,\"4\":1}]},\"6\":{\"1\":[{\"1\":2,\"2\":0,\"5\":{\"1\":2,\"2\":0}},{\"1\":0,\"2\":0,\"3\":3},{\"1\":1,\"2\":0,\"4\":1}]},\"7\":{\"1\":[{\"1\":2,\"2\":0,\"5\":{\"1\":2,\"2\":0}},{\"1\":0,\"2\":0,\"3\":3},{\"1\":1,\"2\":0,\"4\":1}]},\"8\":{\"1\":[{\"1\":2,\"2\":0,\"5\":{\"1\":2,\"2\":0}},{\"1\":0,\"2\":0,\"3\":3},{\"1\":1,\"2\":0,\"4\":1}]},\"11\":4,\"12\":0}\" data-sheets-textstyleruns=\"{\"1\":0}\uee10{\"1\":143,\"2\":{\"5\":1}}\uee10{\"1\":160}\uee10{\"1\":303,\"2\":{\"2\":{\"1\":2,\"2\":16711680}}}\">Cool, practical and functional. This <strong>unisex backpack<\/strong> with name or initials to personalize is made of faux leather with havana ties. This children&#8217;s backpack is completely handmade, 100% Made in Italy, and is suitable for school or simply to accompany walks with mom and dad.<br \/>\n<\/span><\/p>\n<p><strong>DIMENSIONS: <\/strong><span data-sheets-value=\"{\"1\":2,\"2\":\"25 x 31 x 8 cm\"}\" data-sheets-userformat=\"{\"2\":765,\"3\":{\"1\":0},\"5\":{\"1\":[{\"1\":2,\"2\":0,\"5\":{\"1\":2,\"2\":0}},{\"1\":0,\"2\":0,\"3\":3},{\"1\":1,\"2\":0,\"4\":1}]},\"6\":{\"1\":[{\"1\":2,\"2\":0,\"5\":{\"1\":2,\"2\":0}},{\"1\":0,\"2\":0,\"3\":3},{\"1\":1,\"2\":0,\"4\":1}]},\"7\":{\"1\":[{\"1\":2,\"2\":0,\"5\":{\"1\":2,\"2\":0}},{\"1\":0,\"2\":0,\"3\":3},{\"1\":1,\"2\":0,\"4\":1}]},\"8\":{\"1\":[{\"1\":2,\"2\":0,\"5\":{\"1\":2,\"2\":0}},{\"1\":0,\"2\":0,\"3\":3},{\"1\":1,\"2\":0,\"4\":1}]},\"9\":1,\"10\":1,\"12\":0}\">25 x 31 x 8 cm<\/span> &#8212;&#8212;&#8212;&#8212;&#8212;&#8212;&#8212;&#8212;&#8212;&#8212;&#8211; This little girl&#8217;s backpack is on consignment, so it is not customizable and will arrive with &#8220;<b>Sveva<\/b>&#8221; as pictured.<\/p>\n","protected":false},"featured_media":29479,"template":"","meta":[],"product_brand":[],"product_cat":[415],"product_tag":[416],"class_list":{"0":"post-31635","1":"product","2":"type-product","3":"status-publish","4":"has-post-thumbnail","6":"product_cat-promo","7":"product_tag-leatherette-en","9":"first","10":"instock","11":"sale","12":"shipping-taxable","13":"purchasable","14":"product-type-simple"},"_links":{"self":[{"href":"https:\/\/www.ticihandmade.it\/en\/wp-json\/wp\/v2\/product\/31635","targetHints":{"allow":["GET"]}}],"collection":[{"href":"https:\/\/www.ticihandmade.it\/en\/wp-json\/wp\/v2\/product"}],"about":[{"href":"https:\/\/www.ticihandmade.it\/en\/wp-json\/wp\/v2\/types\/product"}],"version-history":[{"count":1,"href":"https:\/\/www.ticihandmade.it\/en\/wp-json\/wp\/v2\/product\/31635\/revisions"}],"predecessor-version":[{"id":31638,"href":"https:\/\/www.ticihandmade.it\/en\/wp-json\/wp\/v2\/product\/31635\/revisions\/31638"}],"wp:featuredmedia":[{"embeddable":true,"href":"https:\/\/www.ticihandmade.it\/en\/wp-json\/wp\/v2\/media\/29479"}],"wp:attachment":[{"href":"https:\/\/www.ticihandmade.it\/en\/wp-json\/wp\/v2\/media?parent=31635"}],"wp:term":[{"taxonomy":"product_brand","embeddable":true,"href":"https:\/\/www.ticihandmade.it\/en\/wp-json\/wp\/v2\/product_brand?post=31635"},{"taxonomy":"product_cat","embeddable":true,"href":"https:\/\/www.ticihandmade.it\/en\/wp-json\/wp\/v2\/product_cat?post=31635"},{"taxonomy":"product_tag","embeddable":true,"href":"https:\/\/www.ticihandmade.it\/en\/wp-json\/wp\/v2\/product_tag?post=31635"}],"curies":[{"name":"wp","href":"https:\/\/api.w.org\/{rel}","templated":true}]}}