{"id":31747,"date":"2023-08-04T11:39:16","date_gmt":"2023-08-04T10:39:16","guid":{"rendered":"https:\/\/www.ticihandmade.it\/mommy-bag-model-asia-heavenly-stroller-bag-with-name\/"},"modified":"2023-08-04T11:39:16","modified_gmt":"2023-08-04T10:39:16","slug":"mommy-bag-model-asia-heavenly-stroller-bag-with-name","status":"publish","type":"product","link":"https:\/\/www.ticihandmade.it\/en\/mommy-bag-model-asia-heavenly-stroller-bag-with-name\/","title":{"rendered":"Mommy Bag model Asia &#8211; Heavenly Stroller Bag with Name"},"content":{"rendered":"","protected":false},"excerpt":{"rendered":"<p><span data-sheets-value=\"{\"1\":2,\"2\":\"Borsa Mamma ampia e spaziosa, ideale per riporre tutti gli oggetti utili al cambio e alle varie necessit\u00e0 del tuo beb\u00e8. Questa borsa passeggino realizzata in maniera 100% artigianale solo con materiali MADE IN ITALY, \u00e8 l'ideale per le tue passeggiate in citt\u00e0 o fuori porta. Realizzata in morbido tessuto scamosciato nabuck colore celeste, manici, ganci passeggino e tasche laterali in vera pelle nera con glitter multicolor. Zip frontale con scritta in strass \"Mom in love\" dotata di tecnologia \"acqua-clean\".nnIl design ricercato non solo dona un aspetto giovanile ed originale a chi la indossa, ma la rende un accessorio versatile, perfetto per ogni occasione: una volta terminata la sua funzione di borsa mamma, potrai abbinarla anche successivamente a tutti i tuoi outfit, continuando a distinguerti con una borsa artigianale TICI Handmade! nnDispone di:nn- 2 comodi ganci per appendere la borsa al passegginon- 2 tasche con elastici porta biberonn- 2 Tasche lateralin- Zip frontale n- 2 tasconi internin- Manicin- Tracolla\"}\" data-sheets-userformat=\"{\"2\":957,\"3\":{\"1\":0},\"5\":{\"1\":[{\"1\":2,\"2\":0,\"5\":{\"1\":2,\"2\":0}},{\"1\":0,\"2\":0,\"3\":3},{\"1\":1,\"2\":0,\"4\":1}]},\"6\":{\"1\":[{\"1\":2,\"2\":0,\"5\":{\"1\":2,\"2\":0}},{\"1\":0,\"2\":0,\"3\":3},{\"1\":1,\"2\":0,\"4\":1}]},\"7\":{\"1\":[{\"1\":2,\"2\":0,\"5\":{\"1\":2,\"2\":0}},{\"1\":0,\"2\":0,\"3\":3},{\"1\":1,\"2\":0,\"4\":1}]},\"8\":{\"1\":[{\"1\":2,\"2\":0,\"5\":{\"1\":2,\"2\":0}},{\"1\":0,\"2\":0,\"3\":3},{\"1\":1,\"2\":0,\"4\":1}]},\"10\":1,\"11\":4,\"12\":0}\" data-sheets-textstyleruns=\"{\"1\":0,\"2\":{\"5\":1}}\uee10{\"1\":12}\uee10{\"1\":557,\"2\":{\"5\":1}}\uee10{\"1\":580}\"><span style=\"text-decoration: underline;\"><a href=\"https:\/\/www.ticihandmade.it\/borse-passeggino\/\">Mother&#8217;s Bag<\/a><\/span> large and spacious, ideal for storing all the useful items for changing and your baby&#8217;s various needs. This 100% handcrafted stroller bag made only with MADE IN ITALY materials, is ideal for your walks in the city or out of town. Made of soft nabuck suede fabric in light blue color, handles, stroller hooks and side pockets in genuine black leather with multicolor glitter. Front zipper with rhinestone<strong>&#8220;Mom in love<\/strong>&#8221; inscription equipped with &#8220;water-clean&#8221; technology.<br \/>\n<\/span><\/p>\n<p><span data-sheets-value=\"{\"1\":2,\"2\":\"Borsa Mamma ampia e spaziosa, ideale per riporre tutti gli oggetti utili al cambio e alle varie necessit\u00e0 del tuo beb\u00e8. Questa borsa passeggino realizzata in maniera 100% artigianale solo con materiali MADE IN ITALY, \u00e8 l'ideale per le tue passeggiate in citt\u00e0 o fuori porta. Realizzata in morbido tessuto scamosciato nabuck colore celeste, manici, ganci passeggino e tasche laterali in vera pelle nera con glitter multicolor. Zip frontale con scritta in strass \"Mom in love\" dotata di tecnologia \"acqua-clean\".nnIl design ricercato non solo dona un aspetto giovanile ed originale a chi la indossa, ma la rende un accessorio versatile, perfetto per ogni occasione: una volta terminata la sua funzione di borsa mamma, potrai abbinarla anche successivamente a tutti i tuoi outfit, continuando a distinguerti con una borsa artigianale TICI Handmade! nnDispone di:nn- 2 comodi ganci per appendere la borsa al passegginon- 2 tasche con elastici porta biberonn- 2 Tasche lateralin- Zip frontale n- 2 tasconi internin- Manicin- Tracolla\"}\" data-sheets-userformat=\"{\"2\":957,\"3\":{\"1\":0},\"5\":{\"1\":[{\"1\":2,\"2\":0,\"5\":{\"1\":2,\"2\":0}},{\"1\":0,\"2\":0,\"3\":3},{\"1\":1,\"2\":0,\"4\":1}]},\"6\":{\"1\":[{\"1\":2,\"2\":0,\"5\":{\"1\":2,\"2\":0}},{\"1\":0,\"2\":0,\"3\":3},{\"1\":1,\"2\":0,\"4\":1}]},\"7\":{\"1\":[{\"1\":2,\"2\":0,\"5\":{\"1\":2,\"2\":0}},{\"1\":0,\"2\":0,\"3\":3},{\"1\":1,\"2\":0,\"4\":1}]},\"8\":{\"1\":[{\"1\":2,\"2\":0,\"5\":{\"1\":2,\"2\":0}},{\"1\":0,\"2\":0,\"3\":3},{\"1\":1,\"2\":0,\"4\":1}]},\"10\":1,\"11\":4,\"12\":0}\" data-sheets-textstyleruns=\"{\"1\":0,\"2\":{\"5\":1}}\uee10{\"1\":12}\uee10{\"1\":557,\"2\":{\"5\":1}}\uee10{\"1\":580}\"><br \/>\nThe sophisticated design not only gives a <strong>youthful and original<\/strong> look to the wearer, but also makes it a versatile accessory, perfect for any occasion: once its function as a mom bag is over, you can pair it with all your outfits afterwards, continuing to stand out with a TICI Handmade bag! <em>Features:<\/em><\/span><\/p>\n<ul>\n<li>2 convenient hooks for hanging the bag on the stroller<\/li>\n<li>2 pockets with elastic bottle holders<\/li>\n<li>2 Side Pockets<\/li>\n<li>Front zipper<\/li>\n<li>2 inside pockets<\/li>\n<li>Handles<\/li>\n<li>Shoulder strap<\/li>\n<\/ul>\n","protected":false},"featured_media":29419,"template":"","meta":[],"product_brand":[],"product_cat":[456],"product_tag":[465,406],"class_list":{"0":"post-31747","1":"product","2":"type-product","3":"status-publish","4":"has-post-thumbnail","6":"product_cat-mommy-bag","7":"product_tag-asia-stock-exchange","8":"product_tag-nabuck-en","9":"pa_dimensione-media","10":"pa_dimensione-small","11":"pa_dimensione-to-travel","13":"first","14":"instock","15":"featured","16":"shipping-taxable","17":"purchasable","18":"product-type-variable"},"_links":{"self":[{"href":"https:\/\/www.ticihandmade.it\/en\/wp-json\/wp\/v2\/product\/31747","targetHints":{"allow":["GET"]}}],"collection":[{"href":"https:\/\/www.ticihandmade.it\/en\/wp-json\/wp\/v2\/product"}],"about":[{"href":"https:\/\/www.ticihandmade.it\/en\/wp-json\/wp\/v2\/types\/product"}],"version-history":[{"count":0,"href":"https:\/\/www.ticihandmade.it\/en\/wp-json\/wp\/v2\/product\/31747\/revisions"}],"wp:featuredmedia":[{"embeddable":true,"href":"https:\/\/www.ticihandmade.it\/en\/wp-json\/wp\/v2\/media\/29419"}],"wp:attachment":[{"href":"https:\/\/www.ticihandmade.it\/en\/wp-json\/wp\/v2\/media?parent=31747"}],"wp:term":[{"taxonomy":"product_brand","embeddable":true,"href":"https:\/\/www.ticihandmade.it\/en\/wp-json\/wp\/v2\/product_brand?post=31747"},{"taxonomy":"product_cat","embeddable":true,"href":"https:\/\/www.ticihandmade.it\/en\/wp-json\/wp\/v2\/product_cat?post=31747"},{"taxonomy":"product_tag","embeddable":true,"href":"https:\/\/www.ticihandmade.it\/en\/wp-json\/wp\/v2\/product_tag?post=31747"}],"curies":[{"name":"wp","href":"https:\/\/api.w.org\/{rel}","templated":true}]}}